{"id":12342,"date":"2023-03-16T01:11:55","date_gmt":"2023-03-15T22:11:55","guid":{"rendered":"https:\/\/diskgolf.lv\/davanu-karte\/"},"modified":"2023-03-16T01:11:55","modified_gmt":"2023-03-15T22:11:55","slug":"davanu-karte","status":"publish","type":"page","link":"https:\/\/diskgolf.lv\/lv\/davanu-karte\/","title":{"rendered":"D\u0101vanu karte"},"content":{"rendered":"<div class=\"woocommerce columns-4 \">\t\r\n<div class=\"list-col-item list-3-item post-13888 product type-product status-publish has-post-thumbnail hentry product_cat-wps_wgm_giftcard-2\">\r\n\t<div class=\"item-product item-product-gallery\">\r\n\t\t\t\t<div class=\"product-thumb\">\r\n\t\t\t<!-- s7upf_woocommerce_thumbnail_loop have $size and $animation -->\r\n\t\t\t<a href=\"https:\/\/diskgolf.lv\/lv\/product\/diskgolf-lv-gift-card\/\" class=\"product-thumb-link \">\r\n                        <img decoding=\"async\" width=\"1748\" height=\"1240\" src=\"https:\/\/diskgolf.lv\/wp-content\/uploads\/2023\/04\/Gift-CARD.webp\" class=\"attachment-full size-full wvs-archive-product-image wp-post-image\" alt=\"d\u0101vanu_karte_disku golfs_disku golfs latvij\u0101_disku golfs ieg\u0101de_disku golfs me\u017eaparks_disku golfa invent\u0101rs\" \/>\r\n                        \r\n                    <\/a>\t\t\t                                    <div class=\"product__category\">\r\n                        Gift Card                    <\/div>\r\n                            <h3 class=\"title16 product-title font-medium text-center\">\r\n    \t\t\t<a class=\"black\" href=\"https:\/\/diskgolf.lv\/lv\/product\/diskgolf-lv-gift-card\/\">DiskGolf.lv Gift Card<\/a>\r\n\t\t\t<\/h3>\r\n\t\t\t<a data-product-id=\"13888\" href=\"https:\/\/diskgolf.lv\/lv\/product\/diskgolf-lv-gift-card\/\" class=\"product-quick-view quickview-link \"><i class=\"title24 la la-eye\"><\/i><\/a>\t\t\t\t\t\t\t\t<\/div>\r\n\t\t<div class=\"product-info\">\r\n\t\t\t\t\t\t\t\t\t<div class=\"product-short-description text-center\">\r\n                            <\/div>\r\n\t\t\t<div class=\"product-extra-link flex-wrapper align_items-center\">\r\n\t\t\t\t\t\t\t\t\t\t\t<\/div>\r\n\t\t<\/div>\t\r\n\t\t<div class=\"wrap-price-rate flex-wrapper align_items-center justify_content-space-between\">\r\n\t\t\t\t<ul class=\"wrap-rating list-inline-block hidden\">\r\n                            <li>\r\n                                <div class=\"product-rate\">\r\n                                    <div class=\"product-rating\" style=\"width:0%\"><\/div>\r\n                                <\/div>\r\n                            <\/li><\/ul>\t\t\t\t    <div class=\"product-link__wrapper flex-wrapper\">\r\n\t\t\t\t        <a rel=\"nofollow\" href=\"https:\/\/diskgolf.lv\/lv\/product\/diskgolf-lv-gift-card\/\" class=\"button\">VIEW CARD<\/a><div class=\"product-price price wgm_gift_card\"><ins><span class=\"woocommerce-Price-amount amount\"><span class=\"woocommerce-Price-amount amount\"><bdi>10.00&nbsp;<span class=\"woocommerce-Price-currencySymbol\">&euro;<\/span><\/bdi><\/span>-<span class=\"woocommerce-Price-amount amount\"><bdi>50.00&nbsp;<span class=\"woocommerce-Price-currencySymbol\">&euro;<\/span><\/bdi><\/span><\/span><\/ins><\/div>\t\t\t\t        \t\t\t\t    <\/div>\r\n\t\t\t\t<div class=\"product-price price wgm_gift_card\"><ins><span class=\"woocommerce-Price-amount amount\"><span class=\"woocommerce-Price-amount amount\"><bdi>10.00&nbsp;<span class=\"woocommerce-Price-currencySymbol\">&euro;<\/span><\/bdi><\/span>-<span class=\"woocommerce-Price-amount amount\"><bdi>50.00&nbsp;<span class=\"woocommerce-Price-currencySymbol\">&euro;<\/span><\/bdi><\/span><\/span><\/ins><\/div> \r\n\t\t\t\t<div align = \"center\"><\/div>\t\t\t\t<a rel=\"nofollow\" href=\"https:\/\/diskgolf.lv\/lv\/product\/diskgolf-lv-gift-card\/\" class=\"button\">VIEW CARD<\/a>\t\t<\/div>\r\n\t\t\t<\/div>\r\n<\/div><\/div>","protected":false},"excerpt":{"rendered":"Gift Card DiskGolf.lv Gift Card VIEW CARD10.00&nbsp;&euro;-50.00&nbsp;&euro; 10.00&nbsp;&euro;-50.00&nbsp;&euro; VIEW CARD","protected":false},"author":1,"featured_media":0,"parent":0,"menu_order":0,"comment_status":"closed","ping_status":"closed","template":"","meta":{"footnotes":""},"class_list":["post-12342","page","type-page","status-publish","hentry"],"yoast_head":"<!-- This site is optimized with the Yoast SEO plugin v21.1 - https:\/\/yoast.com\/wordpress\/plugins\/seo\/ -->\n<title>D\u0101vanu karte - DiskGolf<\/title>\n<meta name=\"robots\" content=\"index, follow, max-snippet:-1, max-image-preview:large, max-video-preview:-1\" \/>\n<link rel=\"canonical\" href=\"https:\/\/diskgolf.lv\/lv\/davanu-karte\/\" \/>\n<meta property=\"og:locale\" content=\"lv_LV\" \/>\n<meta property=\"og:type\" content=\"article\" \/>\n<meta property=\"og:title\" content=\"D\u0101vanu karte - DiskGolf\" \/>\n<meta property=\"og:url\" content=\"https:\/\/diskgolf.lv\/lv\/davanu-karte\/\" \/>\n<meta property=\"og:site_name\" content=\"DiskGolf\" \/>\n<meta property=\"article:publisher\" content=\"https:\/\/www.facebook.com\/profile.php?id=100090022176595\" \/>\n<meta name=\"twitter:card\" content=\"summary_large_image\" \/>\n<script type=\"application\/ld+json\" class=\"yoast-schema-graph\">{\"@context\":\"https:\/\/schema.org\",\"@graph\":[{\"@type\":\"WebPage\",\"@id\":\"https:\/\/diskgolf.lv\/lv\/davanu-karte\/\",\"url\":\"https:\/\/diskgolf.lv\/lv\/davanu-karte\/\",\"name\":\"D\u0101vanu karte - DiskGolf\",\"isPartOf\":{\"@id\":\"https:\/\/diskgolf.lv\/lv\/#website\"},\"datePublished\":\"2023-03-15T22:11:55+00:00\",\"dateModified\":\"2023-03-15T22:11:55+00:00\",\"breadcrumb\":{\"@id\":\"https:\/\/diskgolf.lv\/lv\/davanu-karte\/#breadcrumb\"},\"inLanguage\":\"lv-LV\",\"potentialAction\":[{\"@type\":\"ReadAction\",\"target\":[\"https:\/\/diskgolf.lv\/lv\/davanu-karte\/\"]}]},{\"@type\":\"BreadcrumbList\",\"@id\":\"https:\/\/diskgolf.lv\/lv\/davanu-karte\/#breadcrumb\",\"itemListElement\":[{\"@type\":\"ListItem\",\"position\":1,\"name\":\"Home\",\"item\":\"https:\/\/diskgolf.lv\/lv\/\"},{\"@type\":\"ListItem\",\"position\":2,\"name\":\"D\u0101vanu karte\"}]},{\"@type\":\"WebSite\",\"@id\":\"https:\/\/diskgolf.lv\/lv\/#website\",\"url\":\"https:\/\/diskgolf.lv\/lv\/\",\"name\":\"DiskGolf\",\"description\":\"DiskGolf\",\"publisher\":{\"@id\":\"https:\/\/diskgolf.lv\/lv\/#organization\"},\"potentialAction\":[{\"@type\":\"SearchAction\",\"target\":{\"@type\":\"EntryPoint\",\"urlTemplate\":\"https:\/\/diskgolf.lv\/lv\/?s={search_term_string}\"},\"query-input\":\"required name=search_term_string\"}],\"inLanguage\":\"lv-LV\"},{\"@type\":\"Organization\",\"@id\":\"https:\/\/diskgolf.lv\/lv\/#organization\",\"name\":\"DiskGolf\",\"url\":\"https:\/\/diskgolf.lv\/lv\/\",\"logo\":{\"@type\":\"ImageObject\",\"inLanguage\":\"lv-LV\",\"@id\":\"https:\/\/diskgolf.lv\/lv\/#\/schema\/logo\/image\/\",\"url\":\"https:\/\/diskgolf.lv\/wp-content\/uploads\/2022\/06\/diskgolf.png\",\"contentUrl\":\"https:\/\/diskgolf.lv\/wp-content\/uploads\/2022\/06\/diskgolf.png\",\"width\":515,\"height\":104,\"caption\":\"DiskGolf\"},\"image\":{\"@id\":\"https:\/\/diskgolf.lv\/lv\/#\/schema\/logo\/image\/\"},\"sameAs\":[\"https:\/\/www.facebook.com\/profile.php?id=100090022176595\"]}]}<\/script>\n<!-- \/ Yoast SEO plugin. -->","yoast_head_json":{"title":"D\u0101vanu karte - DiskGolf","robots":{"index":"index","follow":"follow","max-snippet":"max-snippet:-1","max-image-preview":"max-image-preview:large","max-video-preview":"max-video-preview:-1"},"canonical":"https:\/\/diskgolf.lv\/lv\/davanu-karte\/","og_locale":"lv_LV","og_type":"article","og_title":"D\u0101vanu karte - DiskGolf","og_url":"https:\/\/diskgolf.lv\/lv\/davanu-karte\/","og_site_name":"DiskGolf","article_publisher":"https:\/\/www.facebook.com\/profile.php?id=100090022176595","twitter_card":"summary_large_image","schema":{"@context":"https:\/\/schema.org","@graph":[{"@type":"WebPage","@id":"https:\/\/diskgolf.lv\/lv\/davanu-karte\/","url":"https:\/\/diskgolf.lv\/lv\/davanu-karte\/","name":"D\u0101vanu karte - DiskGolf","isPartOf":{"@id":"https:\/\/diskgolf.lv\/lv\/#website"},"datePublished":"2023-03-15T22:11:55+00:00","dateModified":"2023-03-15T22:11:55+00:00","breadcrumb":{"@id":"https:\/\/diskgolf.lv\/lv\/davanu-karte\/#breadcrumb"},"inLanguage":"lv-LV","potentialAction":[{"@type":"ReadAction","target":["https:\/\/diskgolf.lv\/lv\/davanu-karte\/"]}]},{"@type":"BreadcrumbList","@id":"https:\/\/diskgolf.lv\/lv\/davanu-karte\/#breadcrumb","itemListElement":[{"@type":"ListItem","position":1,"name":"Home","item":"https:\/\/diskgolf.lv\/lv\/"},{"@type":"ListItem","position":2,"name":"D\u0101vanu karte"}]},{"@type":"WebSite","@id":"https:\/\/diskgolf.lv\/lv\/#website","url":"https:\/\/diskgolf.lv\/lv\/","name":"DiskGolf","description":"DiskGolf","publisher":{"@id":"https:\/\/diskgolf.lv\/lv\/#organization"},"potentialAction":[{"@type":"SearchAction","target":{"@type":"EntryPoint","urlTemplate":"https:\/\/diskgolf.lv\/lv\/?s={search_term_string}"},"query-input":"required name=search_term_string"}],"inLanguage":"lv-LV"},{"@type":"Organization","@id":"https:\/\/diskgolf.lv\/lv\/#organization","name":"DiskGolf","url":"https:\/\/diskgolf.lv\/lv\/","logo":{"@type":"ImageObject","inLanguage":"lv-LV","@id":"https:\/\/diskgolf.lv\/lv\/#\/schema\/logo\/image\/","url":"https:\/\/diskgolf.lv\/wp-content\/uploads\/2022\/06\/diskgolf.png","contentUrl":"https:\/\/diskgolf.lv\/wp-content\/uploads\/2022\/06\/diskgolf.png","width":515,"height":104,"caption":"DiskGolf"},"image":{"@id":"https:\/\/diskgolf.lv\/lv\/#\/schema\/logo\/image\/"},"sameAs":["https:\/\/www.facebook.com\/profile.php?id=100090022176595"]}]}},"_links":{"self":[{"href":"https:\/\/diskgolf.lv\/lv\/wp-json\/wp\/v2\/pages\/12342","targetHints":{"allow":["GET"]}}],"collection":[{"href":"https:\/\/diskgolf.lv\/lv\/wp-json\/wp\/v2\/pages"}],"about":[{"href":"https:\/\/diskgolf.lv\/lv\/wp-json\/wp\/v2\/types\/page"}],"author":[{"embeddable":true,"href":"https:\/\/diskgolf.lv\/lv\/wp-json\/wp\/v2\/users\/1"}],"replies":[{"embeddable":true,"href":"https:\/\/diskgolf.lv\/lv\/wp-json\/wp\/v2\/comments?post=12342"}],"version-history":[{"count":0,"href":"https:\/\/diskgolf.lv\/lv\/wp-json\/wp\/v2\/pages\/12342\/revisions"}],"wp:attachment":[{"href":"https:\/\/diskgolf.lv\/lv\/wp-json\/wp\/v2\/media?parent=12342"}],"curies":[{"name":"wp","href":"https:\/\/api.w.org\/{rel}","templated":true}]}}