{"id":4436,"date":"2022-06-02T16:09:12","date_gmt":"2022-06-02T13:09:12","guid":{"rendered":"https:\/\/diskgolf.lv\/diski\/"},"modified":"2023-11-27T14:19:21","modified_gmt":"2023-11-27T11:19:21","slug":"diski","status":"publish","type":"page","link":"https:\/\/diskgolf.lv\/lv\/diski\/","title":{"rendered":"Diski"},"content":{"rendered":"<section class=\"wpb-content-wrapper\">[vc_row][vc_column width=&#8221;1\/2&#8243;][vc_single_image image=&#8221;1031&#8243; img_size=&#8221;600&#215;320&#8243; alignment=&#8221;center&#8221; onclick=&#8221;custom_link&#8221; css_animation=&#8221;slideInLeft&#8221; link=&#8221;https:\/\/diskgolf.lv\/discs\/discs-by-manufacturer\/&#8221; title=&#8221;Diski p\u0113c ra\u017eot\u0101ja&#8221;][\/vc_column][vc_column width=&#8221;1\/2&#8243;][vc_single_image image=&#8221;1037&#8243; img_size=&#8221;600&#215;320&#8243; alignment=&#8221;center&#8221; style=&#8221;vc_box_rounded&#8221; onclick=&#8221;custom_link&#8221; css_animation=&#8221;slideInRight&#8221; link=&#8221;https:\/\/diskgolf.lv\/discs\/discs-by-type\/&#8221; title=&#8221;Diski p\u0113c tipa&#8221;][\/vc_column][\/vc_row]<\/section>","protected":false},"excerpt":{"rendered":"<p>[vc_row][vc_column width=&#8221;1\/2&#8243;][vc_single_image image=&#8221;1031&#8243; img_size=&#8221;600&#215;320&#8243; alignment=&#8221;center&#8221; onclick=&#8221;custom_link&#8221; css_animation=&#8221;slideInLeft&#8221; link=&#8221;https:\/\/diskgolf.lv\/discs\/discs-by-manufacturer\/&#8221; title=&#8221;Diski p\u0113c ra\u017eot\u0101ja&#8221;][\/vc_column][vc_column width=&#8221;1\/2&#8243;][vc_single_image image=&#8221;1037&#8243; img_size=&#8221;600&#215;320&#8243; alignment=&#8221;center&#8221; style=&#8221;vc_box_rounded&#8221; onclick=&#8221;custom_link&#8221; css_animation=&#8221;slideInRight&#8221; link=&#8221;https:\/\/diskgolf.lv\/discs\/discs-by-type\/&#8221; title=&#8221;Diski p\u0113c tipa&#8221;][\/vc_column][\/vc_row]<\/p>\n","protected":false},"author":1,"featured_media":0,"parent":0,"menu_order":0,"comment_status":"closed","ping_status":"closed","template":"","meta":{"footnotes":""},"class_list":["post-4436","page","type-page","status-publish","hentry"],"yoast_head":"<!-- This site is optimized with the Yoast SEO plugin v21.1 - https:\/\/yoast.com\/wordpress\/plugins\/seo\/ -->\n<title>Diski - DiskGolf<\/title>\n<meta name=\"robots\" content=\"index, follow, max-snippet:-1, max-image-preview:large, max-video-preview:-1\" \/>\n<link rel=\"canonical\" href=\"https:\/\/diskgolf.lv\/lv\/diski\/\" \/>\n<meta property=\"og:locale\" content=\"lv_LV\" \/>\n<meta property=\"og:type\" content=\"article\" \/>\n<meta property=\"og:title\" content=\"Diski - DiskGolf\" \/>\n<meta property=\"og:description\" content=\"[vc_row][vc_column width=&#8221;1\/2&#8243;][vc_single_image image=&#8221;1031&#8243; img_size=&#8221;600&#215;320&#8243; alignment=&#8221;center&#8221; onclick=&#8221;custom_link&#8221; css_animation=&#8221;slideInLeft&#8221; link=&#8221;https:\/\/diskgolf.lv\/discs\/discs-by-manufacturer\/&#8221; title=&#8221;Diski p\u0113c ra\u017eot\u0101ja&#8221;][\/vc_column][vc_column width=&#8221;1\/2&#8243;][vc_single_image image=&#8221;1037&#8243; img_size=&#8221;600&#215;320&#8243; alignment=&#8221;center&#8221; style=&#8221;vc_box_rounded&#8221; onclick=&#8221;custom_link&#8221; css_animation=&#8221;slideInRight&#8221; link=&#8221;https:\/\/diskgolf.lv\/discs\/discs-by-type\/&#8221; title=&#8221;Diski p\u0113c tipa&#8221;][\/vc_column][\/vc_row]\" \/>\n<meta property=\"og:url\" content=\"https:\/\/diskgolf.lv\/lv\/diski\/\" \/>\n<meta property=\"og:site_name\" content=\"DiskGolf\" \/>\n<meta property=\"article:publisher\" content=\"https:\/\/www.facebook.com\/profile.php?id=100090022176595\" \/>\n<meta property=\"article:modified_time\" content=\"2023-11-27T11:19:21+00:00\" \/>\n<meta name=\"twitter:card\" content=\"summary_large_image\" \/>\n<script type=\"application\/ld+json\" class=\"yoast-schema-graph\">{\"@context\":\"https:\/\/schema.org\",\"@graph\":[{\"@type\":\"WebPage\",\"@id\":\"https:\/\/diskgolf.lv\/lv\/diski\/\",\"url\":\"https:\/\/diskgolf.lv\/lv\/diski\/\",\"name\":\"Diski - DiskGolf\",\"isPartOf\":{\"@id\":\"https:\/\/diskgolf.lv\/lv\/#website\"},\"datePublished\":\"2022-06-02T13:09:12+00:00\",\"dateModified\":\"2023-11-27T11:19:21+00:00\",\"breadcrumb\":{\"@id\":\"https:\/\/diskgolf.lv\/lv\/diski\/#breadcrumb\"},\"inLanguage\":\"lv-LV\",\"potentialAction\":[{\"@type\":\"ReadAction\",\"target\":[\"https:\/\/diskgolf.lv\/lv\/diski\/\"]}]},{\"@type\":\"BreadcrumbList\",\"@id\":\"https:\/\/diskgolf.lv\/lv\/diski\/#breadcrumb\",\"itemListElement\":[{\"@type\":\"ListItem\",\"position\":1,\"name\":\"Home\",\"item\":\"https:\/\/diskgolf.lv\/lv\/\"},{\"@type\":\"ListItem\",\"position\":2,\"name\":\"Diski\"}]},{\"@type\":\"WebSite\",\"@id\":\"https:\/\/diskgolf.lv\/lv\/#website\",\"url\":\"https:\/\/diskgolf.lv\/lv\/\",\"name\":\"DiskGolf\",\"description\":\"DiskGolf\",\"publisher\":{\"@id\":\"https:\/\/diskgolf.lv\/lv\/#organization\"},\"potentialAction\":[{\"@type\":\"SearchAction\",\"target\":{\"@type\":\"EntryPoint\",\"urlTemplate\":\"https:\/\/diskgolf.lv\/lv\/?s={search_term_string}\"},\"query-input\":\"required name=search_term_string\"}],\"inLanguage\":\"lv-LV\"},{\"@type\":\"Organization\",\"@id\":\"https:\/\/diskgolf.lv\/lv\/#organization\",\"name\":\"DiskGolf\",\"url\":\"https:\/\/diskgolf.lv\/lv\/\",\"logo\":{\"@type\":\"ImageObject\",\"inLanguage\":\"lv-LV\",\"@id\":\"https:\/\/diskgolf.lv\/lv\/#\/schema\/logo\/image\/\",\"url\":\"https:\/\/diskgolf.lv\/wp-content\/uploads\/2022\/06\/diskgolf.png\",\"contentUrl\":\"https:\/\/diskgolf.lv\/wp-content\/uploads\/2022\/06\/diskgolf.png\",\"width\":515,\"height\":104,\"caption\":\"DiskGolf\"},\"image\":{\"@id\":\"https:\/\/diskgolf.lv\/lv\/#\/schema\/logo\/image\/\"},\"sameAs\":[\"https:\/\/www.facebook.com\/profile.php?id=100090022176595\"]}]}<\/script>\n<!-- \/ Yoast SEO plugin. -->","yoast_head_json":{"title":"Diski - DiskGolf","robots":{"index":"index","follow":"follow","max-snippet":"max-snippet:-1","max-image-preview":"max-image-preview:large","max-video-preview":"max-video-preview:-1"},"canonical":"https:\/\/diskgolf.lv\/lv\/diski\/","og_locale":"lv_LV","og_type":"article","og_title":"Diski - DiskGolf","og_description":"[vc_row][vc_column width=&#8221;1\/2&#8243;][vc_single_image image=&#8221;1031&#8243; img_size=&#8221;600&#215;320&#8243; alignment=&#8221;center&#8221; onclick=&#8221;custom_link&#8221; css_animation=&#8221;slideInLeft&#8221; link=&#8221;https:\/\/diskgolf.lv\/discs\/discs-by-manufacturer\/&#8221; title=&#8221;Diski p\u0113c ra\u017eot\u0101ja&#8221;][\/vc_column][vc_column width=&#8221;1\/2&#8243;][vc_single_image image=&#8221;1037&#8243; img_size=&#8221;600&#215;320&#8243; alignment=&#8221;center&#8221; style=&#8221;vc_box_rounded&#8221; onclick=&#8221;custom_link&#8221; css_animation=&#8221;slideInRight&#8221; link=&#8221;https:\/\/diskgolf.lv\/discs\/discs-by-type\/&#8221; title=&#8221;Diski p\u0113c tipa&#8221;][\/vc_column][\/vc_row]","og_url":"https:\/\/diskgolf.lv\/lv\/diski\/","og_site_name":"DiskGolf","article_publisher":"https:\/\/www.facebook.com\/profile.php?id=100090022176595","article_modified_time":"2023-11-27T11:19:21+00:00","twitter_card":"summary_large_image","schema":{"@context":"https:\/\/schema.org","@graph":[{"@type":"WebPage","@id":"https:\/\/diskgolf.lv\/lv\/diski\/","url":"https:\/\/diskgolf.lv\/lv\/diski\/","name":"Diski - DiskGolf","isPartOf":{"@id":"https:\/\/diskgolf.lv\/lv\/#website"},"datePublished":"2022-06-02T13:09:12+00:00","dateModified":"2023-11-27T11:19:21+00:00","breadcrumb":{"@id":"https:\/\/diskgolf.lv\/lv\/diski\/#breadcrumb"},"inLanguage":"lv-LV","potentialAction":[{"@type":"ReadAction","target":["https:\/\/diskgolf.lv\/lv\/diski\/"]}]},{"@type":"BreadcrumbList","@id":"https:\/\/diskgolf.lv\/lv\/diski\/#breadcrumb","itemListElement":[{"@type":"ListItem","position":1,"name":"Home","item":"https:\/\/diskgolf.lv\/lv\/"},{"@type":"ListItem","position":2,"name":"Diski"}]},{"@type":"WebSite","@id":"https:\/\/diskgolf.lv\/lv\/#website","url":"https:\/\/diskgolf.lv\/lv\/","name":"DiskGolf","description":"DiskGolf","publisher":{"@id":"https:\/\/diskgolf.lv\/lv\/#organization"},"potentialAction":[{"@type":"SearchAction","target":{"@type":"EntryPoint","urlTemplate":"https:\/\/diskgolf.lv\/lv\/?s={search_term_string}"},"query-input":"required name=search_term_string"}],"inLanguage":"lv-LV"},{"@type":"Organization","@id":"https:\/\/diskgolf.lv\/lv\/#organization","name":"DiskGolf","url":"https:\/\/diskgolf.lv\/lv\/","logo":{"@type":"ImageObject","inLanguage":"lv-LV","@id":"https:\/\/diskgolf.lv\/lv\/#\/schema\/logo\/image\/","url":"https:\/\/diskgolf.lv\/wp-content\/uploads\/2022\/06\/diskgolf.png","contentUrl":"https:\/\/diskgolf.lv\/wp-content\/uploads\/2022\/06\/diskgolf.png","width":515,"height":104,"caption":"DiskGolf"},"image":{"@id":"https:\/\/diskgolf.lv\/lv\/#\/schema\/logo\/image\/"},"sameAs":["https:\/\/www.facebook.com\/profile.php?id=100090022176595"]}]}},"_links":{"self":[{"href":"https:\/\/diskgolf.lv\/lv\/wp-json\/wp\/v2\/pages\/4436","targetHints":{"allow":["GET"]}}],"collection":[{"href":"https:\/\/diskgolf.lv\/lv\/wp-json\/wp\/v2\/pages"}],"about":[{"href":"https:\/\/diskgolf.lv\/lv\/wp-json\/wp\/v2\/types\/page"}],"author":[{"embeddable":true,"href":"https:\/\/diskgolf.lv\/lv\/wp-json\/wp\/v2\/users\/1"}],"replies":[{"embeddable":true,"href":"https:\/\/diskgolf.lv\/lv\/wp-json\/wp\/v2\/comments?post=4436"}],"version-history":[{"count":11,"href":"https:\/\/diskgolf.lv\/lv\/wp-json\/wp\/v2\/pages\/4436\/revisions"}],"predecessor-version":[{"id":12326,"href":"https:\/\/diskgolf.lv\/lv\/wp-json\/wp\/v2\/pages\/4436\/revisions\/12326"}],"wp:attachment":[{"href":"https:\/\/diskgolf.lv\/lv\/wp-json\/wp\/v2\/media?parent=4436"}],"curies":[{"name":"wp","href":"https:\/\/api.w.org\/{rel}","templated":true}]}}