{"id":9611,"date":"2022-06-30T09:06:28","date_gmt":"2022-06-30T06:06:28","guid":{"rendered":"https:\/\/diskgolf.lv\/diski\/disku-rokasgramata\/"},"modified":"2023-02-16T23:04:42","modified_gmt":"2023-02-16T20:04:42","slug":"disku-rokasgramata","status":"publish","type":"page","link":"https:\/\/diskgolf.lv\/lv\/diski\/disku-rokasgramata\/","title":{"rendered":"Disku rokasgr\u0101mata"},"content":{"rendered":"<section class=\"wpb-content-wrapper\">[vc_row][vc_column width=&#8221;1\/4&#8243;][vc_single_image image=&#8221;1331&#8243; img_size=&#8221;large&#8221; alignment=&#8221;center&#8221;][vc_column_text]\r\n<p style=\"text-align: center;\"><strong>SPEED\n<\/strong>1 l\u012bdz 15<\/p>\n<p style=\"text-align: center;\">Diska sp\u0113ja &#8220;griezt&#8221; gaisu. Jo liel\u0101ks skaitlis, jo disks ir \u0101tr\u0101ks un tam ir liel\u0101ka sp\u0113ja veikt gar\u0101kus att\u0101lumus. \u0100tr\u0101ki diski lab\u0101k darbojas pretv\u0113j\u0101, bet l\u0113n\u0101ki diski ir prec\u012bz\u0101ki. Ies\u0101c\u0113jiem m\u0113s iesak\u0101m diskus ar maz\u0101ku \u0101truma r\u0101d\u012bt\u0101ju.<\/p>\r\n[\/vc_column_text][\/vc_column][vc_column width=&#8221;1\/4&#8243;][vc_single_image image=&#8221;1335&#8243; img_size=&#8221;large&#8221; alignment=&#8221;center&#8221;][vc_column_text]\r\n<p style=\"text-align: center;\"><strong>PLAN\u0112\u0160ANA<\/strong>\n1 l\u012bdz 7<\/p>\n<p style=\"text-align: center;\">Diska sp\u0113ja palikt gais\u0101. Jo liel\u0101ks skaitlis, jo lab\u0101k plan\u0113. Ies\u0101c\u0113jiem m\u0113s iesak\u0101m diskus ar liel\u0101ku plan\u0113\u0161anas r\u0101d\u012bt\u0101ju.<\/p>\r\n[\/vc_column_text][\/vc_column][vc_column width=&#8221;1\/4&#8243;][vc_single_image image=&#8221;1336&#8243; img_size=&#8221;large&#8221; alignment=&#8221;center&#8221;][vc_column_text]\r\n<p style=\"text-align: center;\"><strong>TURN\n<\/strong>1 l\u012bdz -5<\/p>\n<p style=\"text-align: center;\">Diska sp\u0113ja lidojuma s\u0101kum\u0101 sasv\u0113rties pa labi. 0 nor\u0101da, ka diska lidojums ir p\u0113c iesp\u0113jas taisn\u0101ks un zem\u0101kais skaitlis nor\u0101da uz liel\u0101ku sasv\u0113r\u0161anos pa labi lidojuma p\u0113d\u0113j\u0101 f\u0101z\u0113. Ies\u0101c\u0113jiem m\u0113s iesak\u0101m izmantot diskus ar zem\u0101ku pagriezienu.<\/p>\r\n[\/vc_column_text][\/vc_column][vc_column width=&#8221;1\/4&#8243;][vc_single_image image=&#8221;1337&#8243; img_size=&#8221;large&#8221; alignment=&#8221;center&#8221;][vc_column_text]\r\n<p style=\"text-align: center;\"><strong>SASV\u0112R\u0160AN\u0100S<\/strong>\n0 l\u012bdz 5<\/p>\n<p style=\"text-align: center;\">Diska sp\u0113ja sasv\u0113rties pa kreisi lidojuma beigu f\u0101z\u0113. 0 nor\u0101da uz diska sp\u0113ju lidot tik taisni cik vien iesp\u0113jams, un pieaugo\u0161ais skaitlis nor\u0101da uz liel\u0101ku sasv\u0113r\u0161anos pa kreisi lidojuma beigu f\u0101z\u0113. Ies\u0101c\u0113jiem m\u0113s iesak\u0101m izmantot diskus ar zem\u0101ku sasv\u0113r\u0161an\u0101s r\u0101d\u012bt\u0101ju.<\/p>\r\n[\/vc_column_text][\/vc_column][\/vc_row]<\/section>","protected":false},"excerpt":{"rendered":"<p>[vc_row][vc_column width=&#8221;1\/4&#8243;][vc_single_image image=&#8221;1331&#8243; img_size=&#8221;large&#8221; alignment=&#8221;center&#8221;][vc_column_text] SPEED 1 l\u012bdz 15 Diska sp\u0113ja &#8220;griezt&#8221; gaisu. Jo liel\u0101ks skaitlis, jo disks ir \u0101tr\u0101ks un tam ir liel\u0101ka sp\u0113ja veikt gar\u0101kus att\u0101lumus. \u0100tr\u0101ki diski lab\u0101k darbojas pretv\u0113j\u0101, bet l\u0113n\u0101ki diski ir prec\u012bz\u0101ki. Ies\u0101c\u0113jiem m\u0113s iesak\u0101m diskus ar maz\u0101ku \u0101truma r\u0101d\u012bt\u0101ju. [\/vc_column_text][\/vc_column][vc_column width=&#8221;1\/4&#8243;][vc_single_image image=&#8221;1335&#8243; img_size=&#8221;large&#8221; alignment=&#8221;center&#8221;][vc_column_text] PLAN\u0112\u0160ANA 1 l\u012bdz 7 [&hellip;]<\/p>\n","protected":false},"author":1,"featured_media":0,"parent":4436,"menu_order":0,"comment_status":"closed","ping_status":"closed","template":"","meta":{"footnotes":""},"class_list":["post-9611","page","type-page","status-publish","hentry"],"yoast_head":"<!-- This site is optimized with the Yoast SEO plugin v21.1 - https:\/\/yoast.com\/wordpress\/plugins\/seo\/ -->\n<title>Disku rokasgr\u0101mata - DiskGolf<\/title>\n<meta name=\"robots\" content=\"index, follow, max-snippet:-1, max-image-preview:large, max-video-preview:-1\" \/>\n<link rel=\"canonical\" href=\"https:\/\/diskgolf.lv\/lv\/diski\/disku-rokasgramata\/\" \/>\n<meta property=\"og:locale\" content=\"lv_LV\" \/>\n<meta property=\"og:type\" content=\"article\" \/>\n<meta property=\"og:title\" content=\"Disku rokasgr\u0101mata - DiskGolf\" \/>\n<meta property=\"og:description\" content=\"[vc_row][vc_column width=&#8221;1\/4&#8243;][vc_single_image image=&#8221;1331&#8243; img_size=&#8221;large&#8221; alignment=&#8221;center&#8221;][vc_column_text] SPEED 1 l\u012bdz 15 Diska sp\u0113ja &#8220;griezt&#8221; gaisu. Jo liel\u0101ks skaitlis, jo disks ir \u0101tr\u0101ks un tam ir liel\u0101ka sp\u0113ja veikt gar\u0101kus att\u0101lumus. \u0100tr\u0101ki diski lab\u0101k darbojas pretv\u0113j\u0101, bet l\u0113n\u0101ki diski ir prec\u012bz\u0101ki. Ies\u0101c\u0113jiem m\u0113s iesak\u0101m diskus ar maz\u0101ku \u0101truma r\u0101d\u012bt\u0101ju. [\/vc_column_text][\/vc_column][vc_column width=&#8221;1\/4&#8243;][vc_single_image image=&#8221;1335&#8243; img_size=&#8221;large&#8221; alignment=&#8221;center&#8221;][vc_column_text] PLAN\u0112\u0160ANA 1 l\u012bdz 7 [&hellip;]\" \/>\n<meta property=\"og:url\" content=\"https:\/\/diskgolf.lv\/lv\/diski\/disku-rokasgramata\/\" \/>\n<meta property=\"og:site_name\" content=\"DiskGolf\" \/>\n<meta property=\"article:publisher\" content=\"https:\/\/www.facebook.com\/profile.php?id=100090022176595\" \/>\n<meta property=\"article:modified_time\" content=\"2023-02-16T20:04:42+00:00\" \/>\n<meta name=\"twitter:card\" content=\"summary_large_image\" \/>\n<meta name=\"twitter:label1\" content=\"Est. reading time\" \/>\n\t<meta name=\"twitter:data1\" content=\"2 minutes\" \/>\n<script type=\"application\/ld+json\" class=\"yoast-schema-graph\">{\"@context\":\"https:\/\/schema.org\",\"@graph\":[{\"@type\":\"WebPage\",\"@id\":\"https:\/\/diskgolf.lv\/lv\/diski\/disku-rokasgramata\/\",\"url\":\"https:\/\/diskgolf.lv\/lv\/diski\/disku-rokasgramata\/\",\"name\":\"Disku rokasgr\u0101mata - DiskGolf\",\"isPartOf\":{\"@id\":\"https:\/\/diskgolf.lv\/lv\/#website\"},\"datePublished\":\"2022-06-30T06:06:28+00:00\",\"dateModified\":\"2023-02-16T20:04:42+00:00\",\"breadcrumb\":{\"@id\":\"https:\/\/diskgolf.lv\/lv\/diski\/disku-rokasgramata\/#breadcrumb\"},\"inLanguage\":\"lv-LV\",\"potentialAction\":[{\"@type\":\"ReadAction\",\"target\":[\"https:\/\/diskgolf.lv\/lv\/diski\/disku-rokasgramata\/\"]}]},{\"@type\":\"BreadcrumbList\",\"@id\":\"https:\/\/diskgolf.lv\/lv\/diski\/disku-rokasgramata\/#breadcrumb\",\"itemListElement\":[{\"@type\":\"ListItem\",\"position\":1,\"name\":\"Home\",\"item\":\"https:\/\/diskgolf.lv\/lv\/\"},{\"@type\":\"ListItem\",\"position\":2,\"name\":\"Diski\",\"item\":\"https:\/\/diskgolf.lv\/lv\/diski\/\"},{\"@type\":\"ListItem\",\"position\":3,\"name\":\"Disku rokasgr\u0101mata\"}]},{\"@type\":\"WebSite\",\"@id\":\"https:\/\/diskgolf.lv\/lv\/#website\",\"url\":\"https:\/\/diskgolf.lv\/lv\/\",\"name\":\"DiskGolf\",\"description\":\"DiskGolf\",\"publisher\":{\"@id\":\"https:\/\/diskgolf.lv\/lv\/#organization\"},\"potentialAction\":[{\"@type\":\"SearchAction\",\"target\":{\"@type\":\"EntryPoint\",\"urlTemplate\":\"https:\/\/diskgolf.lv\/lv\/?s={search_term_string}\"},\"query-input\":\"required name=search_term_string\"}],\"inLanguage\":\"lv-LV\"},{\"@type\":\"Organization\",\"@id\":\"https:\/\/diskgolf.lv\/lv\/#organization\",\"name\":\"DiskGolf\",\"url\":\"https:\/\/diskgolf.lv\/lv\/\",\"logo\":{\"@type\":\"ImageObject\",\"inLanguage\":\"lv-LV\",\"@id\":\"https:\/\/diskgolf.lv\/lv\/#\/schema\/logo\/image\/\",\"url\":\"https:\/\/diskgolf.lv\/wp-content\/uploads\/2022\/06\/diskgolf.png\",\"contentUrl\":\"https:\/\/diskgolf.lv\/wp-content\/uploads\/2022\/06\/diskgolf.png\",\"width\":515,\"height\":104,\"caption\":\"DiskGolf\"},\"image\":{\"@id\":\"https:\/\/diskgolf.lv\/lv\/#\/schema\/logo\/image\/\"},\"sameAs\":[\"https:\/\/www.facebook.com\/profile.php?id=100090022176595\"]}]}<\/script>\n<!-- \/ Yoast SEO plugin. -->","yoast_head_json":{"title":"Disku rokasgr\u0101mata - DiskGolf","robots":{"index":"index","follow":"follow","max-snippet":"max-snippet:-1","max-image-preview":"max-image-preview:large","max-video-preview":"max-video-preview:-1"},"canonical":"https:\/\/diskgolf.lv\/lv\/diski\/disku-rokasgramata\/","og_locale":"lv_LV","og_type":"article","og_title":"Disku rokasgr\u0101mata - DiskGolf","og_description":"[vc_row][vc_column width=&#8221;1\/4&#8243;][vc_single_image image=&#8221;1331&#8243; img_size=&#8221;large&#8221; alignment=&#8221;center&#8221;][vc_column_text] SPEED 1 l\u012bdz 15 Diska sp\u0113ja &#8220;griezt&#8221; gaisu. Jo liel\u0101ks skaitlis, jo disks ir \u0101tr\u0101ks un tam ir liel\u0101ka sp\u0113ja veikt gar\u0101kus att\u0101lumus. \u0100tr\u0101ki diski lab\u0101k darbojas pretv\u0113j\u0101, bet l\u0113n\u0101ki diski ir prec\u012bz\u0101ki. Ies\u0101c\u0113jiem m\u0113s iesak\u0101m diskus ar maz\u0101ku \u0101truma r\u0101d\u012bt\u0101ju. [\/vc_column_text][\/vc_column][vc_column width=&#8221;1\/4&#8243;][vc_single_image image=&#8221;1335&#8243; img_size=&#8221;large&#8221; alignment=&#8221;center&#8221;][vc_column_text] PLAN\u0112\u0160ANA 1 l\u012bdz 7 [&hellip;]","og_url":"https:\/\/diskgolf.lv\/lv\/diski\/disku-rokasgramata\/","og_site_name":"DiskGolf","article_publisher":"https:\/\/www.facebook.com\/profile.php?id=100090022176595","article_modified_time":"2023-02-16T20:04:42+00:00","twitter_card":"summary_large_image","twitter_misc":{"Est. reading time":"2 minutes"},"schema":{"@context":"https:\/\/schema.org","@graph":[{"@type":"WebPage","@id":"https:\/\/diskgolf.lv\/lv\/diski\/disku-rokasgramata\/","url":"https:\/\/diskgolf.lv\/lv\/diski\/disku-rokasgramata\/","name":"Disku rokasgr\u0101mata - DiskGolf","isPartOf":{"@id":"https:\/\/diskgolf.lv\/lv\/#website"},"datePublished":"2022-06-30T06:06:28+00:00","dateModified":"2023-02-16T20:04:42+00:00","breadcrumb":{"@id":"https:\/\/diskgolf.lv\/lv\/diski\/disku-rokasgramata\/#breadcrumb"},"inLanguage":"lv-LV","potentialAction":[{"@type":"ReadAction","target":["https:\/\/diskgolf.lv\/lv\/diski\/disku-rokasgramata\/"]}]},{"@type":"BreadcrumbList","@id":"https:\/\/diskgolf.lv\/lv\/diski\/disku-rokasgramata\/#breadcrumb","itemListElement":[{"@type":"ListItem","position":1,"name":"Home","item":"https:\/\/diskgolf.lv\/lv\/"},{"@type":"ListItem","position":2,"name":"Diski","item":"https:\/\/diskgolf.lv\/lv\/diski\/"},{"@type":"ListItem","position":3,"name":"Disku rokasgr\u0101mata"}]},{"@type":"WebSite","@id":"https:\/\/diskgolf.lv\/lv\/#website","url":"https:\/\/diskgolf.lv\/lv\/","name":"DiskGolf","description":"DiskGolf","publisher":{"@id":"https:\/\/diskgolf.lv\/lv\/#organization"},"potentialAction":[{"@type":"SearchAction","target":{"@type":"EntryPoint","urlTemplate":"https:\/\/diskgolf.lv\/lv\/?s={search_term_string}"},"query-input":"required name=search_term_string"}],"inLanguage":"lv-LV"},{"@type":"Organization","@id":"https:\/\/diskgolf.lv\/lv\/#organization","name":"DiskGolf","url":"https:\/\/diskgolf.lv\/lv\/","logo":{"@type":"ImageObject","inLanguage":"lv-LV","@id":"https:\/\/diskgolf.lv\/lv\/#\/schema\/logo\/image\/","url":"https:\/\/diskgolf.lv\/wp-content\/uploads\/2022\/06\/diskgolf.png","contentUrl":"https:\/\/diskgolf.lv\/wp-content\/uploads\/2022\/06\/diskgolf.png","width":515,"height":104,"caption":"DiskGolf"},"image":{"@id":"https:\/\/diskgolf.lv\/lv\/#\/schema\/logo\/image\/"},"sameAs":["https:\/\/www.facebook.com\/profile.php?id=100090022176595"]}]}},"_links":{"self":[{"href":"https:\/\/diskgolf.lv\/lv\/wp-json\/wp\/v2\/pages\/9611","targetHints":{"allow":["GET"]}}],"collection":[{"href":"https:\/\/diskgolf.lv\/lv\/wp-json\/wp\/v2\/pages"}],"about":[{"href":"https:\/\/diskgolf.lv\/lv\/wp-json\/wp\/v2\/types\/page"}],"author":[{"embeddable":true,"href":"https:\/\/diskgolf.lv\/lv\/wp-json\/wp\/v2\/users\/1"}],"replies":[{"embeddable":true,"href":"https:\/\/diskgolf.lv\/lv\/wp-json\/wp\/v2\/comments?post=9611"}],"version-history":[{"count":2,"href":"https:\/\/diskgolf.lv\/lv\/wp-json\/wp\/v2\/pages\/9611\/revisions"}],"predecessor-version":[{"id":9613,"href":"https:\/\/diskgolf.lv\/lv\/wp-json\/wp\/v2\/pages\/9611\/revisions\/9613"}],"up":[{"embeddable":true,"href":"https:\/\/diskgolf.lv\/lv\/wp-json\/wp\/v2\/pages\/4436"}],"wp:attachment":[{"href":"https:\/\/diskgolf.lv\/lv\/wp-json\/wp\/v2\/media?parent=9611"}],"curies":[{"name":"wp","href":"https:\/\/api.w.org\/{rel}","templated":true}]}}