{"id":12349,"date":"2023-01-06T21:48:52","date_gmt":"2023-01-06T18:48:52","guid":{"rendered":"https:\/\/diskgolf.lv\/product\/ieskrejiena-laukums\/"},"modified":"2024-01-11T00:38:53","modified_gmt":"2024-01-10T21:38:53","slug":"teepad","status":"publish","type":"product","link":"https:\/\/diskgolf.lv\/lv\/product\/teepad\/","title":{"rendered":"Ieskr\u0113jiena laukums"},"content":{"rendered":"Ieskr\u0113jiena laukumi ir izgatavoti no cietkoksnes atbilsto\u0161i PDGA standartiem!\r\n\r\nPamats ir izgatavots no 25 mm bieziem d\u0113\u013ciem, un zem tiem ir 25 mm x 90 mm pl\u0101t\u0146u latojums, lai nov\u0113rstu sv\u0101rst\u012bbas. Tas viss ir balst\u012bts uz 90 mm x 90 mm pamatnes sij\u0101m.\r\n\r\nLai gan konstrukcijas pamatkonfigur\u0101cija nemain\u0101s, m\u0113s pied\u0101v\u0101jam tr\u012bs da\u017e\u0101das kop\u0113j\u0101 izm\u0113ra konfigur\u0101cijas:\r\n<h3>MINI 1200 mm x 3000 mm x 140 mm<\/h3>\r\n&nbsp;\r\n<h3>MID 1500 mm x 3000 mm x 140 mm<\/h3>\r\n&nbsp;\r\n<h3>MAX 2000 mm x 4000 mm x 140 mm<\/h3>\r\n&nbsp;\r\n\r\n&nbsp;\r\n\r\nUZMAN\u012aBU.\r\nPieg\u0101des izmaksas \u0161im produktam tiek apr\u0113\u0137in\u0101tas atsevi\u0161\u0137i, l\u016bdzu, \u0146emiet to v\u0113r\u0101 gad\u012bjumos, kad tiek pas\u016bt\u012bti da\u017e\u0101di produkti (diski + apr\u012bkojums)!","protected":false},"excerpt":{"rendered":"<p>Ieskr\u0113jiena laukumi ir izgatavoti no cietkoksnes atbilsto\u0161i PDGA standartiem! Pamats ir izgatavots no 25 mm bieziem d\u0113\u013ciem, un zem tiem ir 25 mm x 90 mm pl\u0101t\u0146u latojums, lai nov\u0113rstu sv\u0101rst\u012bbas. Tas viss ir balst\u012bts uz 90 mm x 90 mm pamatnes sij\u0101m. Lai gan konstrukcijas pamatkonfigur\u0101cija nemain\u0101s, m\u0113s pied\u0101v\u0101jam tr\u012bs da\u017e\u0101das kop\u0113j\u0101 izm\u0113ra konfigur\u0101cijas: [&hellip;]<\/p>\n","protected":false},"featured_media":6366,"template":"","meta":[],"product_cat":[260,444],"product_tag":[],"class_list":["post-12349","product","type-product","status-publish","has-post-thumbnail","hentry","product_cat-aprikojums","product_cat-ieskrejiena-laukums","wvs-archive-product-wrapper"],"yoast_head":"<!-- This site is optimized with the Yoast SEO plugin v21.1 - https:\/\/yoast.com\/wordpress\/plugins\/seo\/ -->\n<title>Ieskr\u0113jiena laukums - DiskGolf<\/title>\n<meta name=\"robots\" content=\"index, follow, max-snippet:-1, max-image-preview:large, max-video-preview:-1\" \/>\n<link rel=\"canonical\" href=\"https:\/\/diskgolf.lv\/lv\/product\/teepad\/\" \/>\n<meta property=\"og:locale\" content=\"lv_LV\" \/>\n<meta property=\"og:type\" content=\"article\" \/>\n<meta property=\"og:title\" content=\"Ieskr\u0113jiena laukums - DiskGolf\" \/>\n<meta property=\"og:description\" content=\"Ieskr\u0113jiena laukumi ir izgatavoti no cietkoksnes atbilsto\u0161i PDGA standartiem! Pamats ir izgatavots no 25 mm bieziem d\u0113\u013ciem, un zem tiem ir 25 mm x 90 mm pl\u0101t\u0146u latojums, lai nov\u0113rstu sv\u0101rst\u012bbas. Tas viss ir balst\u012bts uz 90 mm x 90 mm pamatnes sij\u0101m. Lai gan konstrukcijas pamatkonfigur\u0101cija nemain\u0101s, m\u0113s pied\u0101v\u0101jam tr\u012bs da\u017e\u0101das kop\u0113j\u0101 izm\u0113ra konfigur\u0101cijas: [&hellip;]\" \/>\n<meta property=\"og:url\" content=\"https:\/\/diskgolf.lv\/lv\/product\/teepad\/\" \/>\n<meta property=\"og:site_name\" content=\"DiskGolf\" \/>\n<meta property=\"article:publisher\" content=\"https:\/\/www.facebook.com\/profile.php?id=100090022176595\" \/>\n<meta property=\"article:modified_time\" content=\"2024-01-10T21:38:53+00:00\" \/>\n<meta property=\"og:image\" content=\"https:\/\/diskgolf.lv\/wp-content\/uploads\/2023\/01\/Tee-pad-1.png\" \/>\n\t<meta property=\"og:image:width\" content=\"1058\" \/>\n\t<meta property=\"og:image:height\" content=\"996\" \/>\n\t<meta property=\"og:image:type\" content=\"image\/png\" \/>\n<meta name=\"twitter:card\" content=\"summary_large_image\" \/>\n<meta name=\"twitter:label1\" content=\"Est. reading time\" \/>\n\t<meta name=\"twitter:data1\" content=\"1 minute\" \/>\n<script type=\"application\/ld+json\" class=\"yoast-schema-graph\">{\"@context\":\"https:\/\/schema.org\",\"@graph\":[{\"@type\":\"WebPage\",\"@id\":\"https:\/\/diskgolf.lv\/lv\/product\/teepad\/\",\"url\":\"https:\/\/diskgolf.lv\/lv\/product\/teepad\/\",\"name\":\"Ieskr\u0113jiena laukums - DiskGolf\",\"isPartOf\":{\"@id\":\"https:\/\/diskgolf.lv\/lv\/#website\"},\"datePublished\":\"2023-01-06T18:48:52+00:00\",\"dateModified\":\"2024-01-10T21:38:53+00:00\",\"breadcrumb\":{\"@id\":\"https:\/\/diskgolf.lv\/lv\/product\/teepad\/#breadcrumb\"},\"inLanguage\":\"lv-LV\",\"potentialAction\":[{\"@type\":\"ReadAction\",\"target\":[\"https:\/\/diskgolf.lv\/lv\/product\/teepad\/\"]}]},{\"@type\":\"BreadcrumbList\",\"@id\":\"https:\/\/diskgolf.lv\/lv\/product\/teepad\/#breadcrumb\",\"itemListElement\":[{\"@type\":\"ListItem\",\"position\":1,\"name\":\"Home\",\"item\":\"https:\/\/diskgolf.lv\/lv\/\"},{\"@type\":\"ListItem\",\"position\":2,\"name\":\"Veikals\",\"item\":\"https:\/\/diskgolf.lv\/lv\/shop-2\/\"},{\"@type\":\"ListItem\",\"position\":3,\"name\":\"Ieskr\u0113jiena laukums\"}]},{\"@type\":\"WebSite\",\"@id\":\"https:\/\/diskgolf.lv\/lv\/#website\",\"url\":\"https:\/\/diskgolf.lv\/lv\/\",\"name\":\"DiskGolf\",\"description\":\"DiskGolf\",\"publisher\":{\"@id\":\"https:\/\/diskgolf.lv\/lv\/#organization\"},\"potentialAction\":[{\"@type\":\"SearchAction\",\"target\":{\"@type\":\"EntryPoint\",\"urlTemplate\":\"https:\/\/diskgolf.lv\/lv\/?s={search_term_string}\"},\"query-input\":\"required name=search_term_string\"}],\"inLanguage\":\"lv-LV\"},{\"@type\":\"Organization\",\"@id\":\"https:\/\/diskgolf.lv\/lv\/#organization\",\"name\":\"DiskGolf\",\"url\":\"https:\/\/diskgolf.lv\/lv\/\",\"logo\":{\"@type\":\"ImageObject\",\"inLanguage\":\"lv-LV\",\"@id\":\"https:\/\/diskgolf.lv\/lv\/#\/schema\/logo\/image\/\",\"url\":\"https:\/\/diskgolf.lv\/wp-content\/uploads\/2022\/06\/diskgolf.png\",\"contentUrl\":\"https:\/\/diskgolf.lv\/wp-content\/uploads\/2022\/06\/diskgolf.png\",\"width\":515,\"height\":104,\"caption\":\"DiskGolf\"},\"image\":{\"@id\":\"https:\/\/diskgolf.lv\/lv\/#\/schema\/logo\/image\/\"},\"sameAs\":[\"https:\/\/www.facebook.com\/profile.php?id=100090022176595\"]}]}<\/script>\n<!-- \/ Yoast SEO plugin. -->","yoast_head_json":{"title":"Ieskr\u0113jiena laukums - DiskGolf","robots":{"index":"index","follow":"follow","max-snippet":"max-snippet:-1","max-image-preview":"max-image-preview:large","max-video-preview":"max-video-preview:-1"},"canonical":"https:\/\/diskgolf.lv\/lv\/product\/teepad\/","og_locale":"lv_LV","og_type":"article","og_title":"Ieskr\u0113jiena laukums - DiskGolf","og_description":"Ieskr\u0113jiena laukumi ir izgatavoti no cietkoksnes atbilsto\u0161i PDGA standartiem! Pamats ir izgatavots no 25 mm bieziem d\u0113\u013ciem, un zem tiem ir 25 mm x 90 mm pl\u0101t\u0146u latojums, lai nov\u0113rstu sv\u0101rst\u012bbas. Tas viss ir balst\u012bts uz 90 mm x 90 mm pamatnes sij\u0101m. Lai gan konstrukcijas pamatkonfigur\u0101cija nemain\u0101s, m\u0113s pied\u0101v\u0101jam tr\u012bs da\u017e\u0101das kop\u0113j\u0101 izm\u0113ra konfigur\u0101cijas: [&hellip;]","og_url":"https:\/\/diskgolf.lv\/lv\/product\/teepad\/","og_site_name":"DiskGolf","article_publisher":"https:\/\/www.facebook.com\/profile.php?id=100090022176595","article_modified_time":"2024-01-10T21:38:53+00:00","og_image":[{"width":1058,"height":996,"url":"https:\/\/diskgolf.lv\/wp-content\/uploads\/2023\/01\/Tee-pad-1.png","type":"image\/png"}],"twitter_card":"summary_large_image","twitter_misc":{"Est. reading time":"1 minute"},"schema":{"@context":"https:\/\/schema.org","@graph":[{"@type":"WebPage","@id":"https:\/\/diskgolf.lv\/lv\/product\/teepad\/","url":"https:\/\/diskgolf.lv\/lv\/product\/teepad\/","name":"Ieskr\u0113jiena laukums - DiskGolf","isPartOf":{"@id":"https:\/\/diskgolf.lv\/lv\/#website"},"datePublished":"2023-01-06T18:48:52+00:00","dateModified":"2024-01-10T21:38:53+00:00","breadcrumb":{"@id":"https:\/\/diskgolf.lv\/lv\/product\/teepad\/#breadcrumb"},"inLanguage":"lv-LV","potentialAction":[{"@type":"ReadAction","target":["https:\/\/diskgolf.lv\/lv\/product\/teepad\/"]}]},{"@type":"BreadcrumbList","@id":"https:\/\/diskgolf.lv\/lv\/product\/teepad\/#breadcrumb","itemListElement":[{"@type":"ListItem","position":1,"name":"Home","item":"https:\/\/diskgolf.lv\/lv\/"},{"@type":"ListItem","position":2,"name":"Veikals","item":"https:\/\/diskgolf.lv\/lv\/shop-2\/"},{"@type":"ListItem","position":3,"name":"Ieskr\u0113jiena laukums"}]},{"@type":"WebSite","@id":"https:\/\/diskgolf.lv\/lv\/#website","url":"https:\/\/diskgolf.lv\/lv\/","name":"DiskGolf","description":"DiskGolf","publisher":{"@id":"https:\/\/diskgolf.lv\/lv\/#organization"},"potentialAction":[{"@type":"SearchAction","target":{"@type":"EntryPoint","urlTemplate":"https:\/\/diskgolf.lv\/lv\/?s={search_term_string}"},"query-input":"required name=search_term_string"}],"inLanguage":"lv-LV"},{"@type":"Organization","@id":"https:\/\/diskgolf.lv\/lv\/#organization","name":"DiskGolf","url":"https:\/\/diskgolf.lv\/lv\/","logo":{"@type":"ImageObject","inLanguage":"lv-LV","@id":"https:\/\/diskgolf.lv\/lv\/#\/schema\/logo\/image\/","url":"https:\/\/diskgolf.lv\/wp-content\/uploads\/2022\/06\/diskgolf.png","contentUrl":"https:\/\/diskgolf.lv\/wp-content\/uploads\/2022\/06\/diskgolf.png","width":515,"height":104,"caption":"DiskGolf"},"image":{"@id":"https:\/\/diskgolf.lv\/lv\/#\/schema\/logo\/image\/"},"sameAs":["https:\/\/www.facebook.com\/profile.php?id=100090022176595"]}]}},"_links":{"self":[{"href":"https:\/\/diskgolf.lv\/lv\/wp-json\/wp\/v2\/product\/12349","targetHints":{"allow":["GET"]}}],"collection":[{"href":"https:\/\/diskgolf.lv\/lv\/wp-json\/wp\/v2\/product"}],"about":[{"href":"https:\/\/diskgolf.lv\/lv\/wp-json\/wp\/v2\/types\/product"}],"wp:featuredmedia":[{"embeddable":true,"href":"https:\/\/diskgolf.lv\/lv\/wp-json\/wp\/v2\/media\/6366"}],"wp:attachment":[{"href":"https:\/\/diskgolf.lv\/lv\/wp-json\/wp\/v2\/media?parent=12349"}],"wp:term":[{"taxonomy":"product_cat","embeddable":true,"href":"https:\/\/diskgolf.lv\/lv\/wp-json\/wp\/v2\/product_cat?post=12349"},{"taxonomy":"product_tag","embeddable":true,"href":"https:\/\/diskgolf.lv\/lv\/wp-json\/wp\/v2\/product_tag?post=12349"}],"curies":[{"name":"wp","href":"https:\/\/api.w.org\/{rel}","templated":true}]}}