{"id":13747,"date":"2023-09-21T12:09:51","date_gmt":"2023-09-21T09:09:51","guid":{"rendered":"https:\/\/diskgolf.lv\/product\/arowana-glo-g-puttapproach\/"},"modified":"2025-12-01T21:18:52","modified_gmt":"2025-12-01T18:18:52","slug":"arowana-glo-g-puttapproach","status":"publish","type":"product","link":"https:\/\/diskgolf.lv\/lv\/product\/arowana-glo-g-puttapproach\/","title":{"rendered":"AROWANA glO-G Putt|Approach"},"content":{"rendered":"<h5 data-start=\"88\" data-end=\"213\">Visi \u0161\u012b laidiena diski b\u016bs da\u013c\u0113ji caursp\u012bd\u012bgi sp\u012bdo\u0161i tums\u0101 un da\u013c\u0113ji kr\u0101saini, k\u0101 redzams produktu fotogr\u0101fij\u0101.<\/h5>\r\n<h5 data-start=\"215\" data-end=\"443\">L\u012bdz \u0161im m\u012bkst\u0101kais Arowana laidiens ar gludu saj\u016btu rok\u0101, vienlaikus saglab\u0101jot \u013coti labu satv\u0113rienu. M\u012bkstums maksim\u0101li samazin\u0101s atl\u0113cienu no zemes, un sp\u012bdums pal\u012bdz\u0113s vienm\u0113r paman\u012bt disku pie groza.<\/h5>\r\n<h5 data-start=\"445\" data-end=\"816\">Elevation Disc Golf otrais puteris, <strong data-start=\"481\" data-end=\"492\">Arowana<\/strong>, ir rad\u012bts k\u0101 stabil\u0101ka alternat\u012bva popul\u0101rajam <strong data-start=\"541\" data-end=\"548\">Koi<\/strong>. Papildu stabilit\u0101te padara to par izcilu metiena puteri un uzticamu pieeju disku ar\u012b v\u0113jainos apst\u0101k\u013cos. Turkl\u0101t neliel\u0101 fade ir ide\u0101la sp\u0113l\u0113t\u0101jiem, kuri v\u0113las p\u0101rstabilu nosl\u0113gumu metieniem groz\u0101, bet joproj\u0101m grib, lai disks labi sl\u012bd ar\u012b t\u0101l\u0101kos 2. ap\u013ca metienos.<\/h5>\r\n<h5><\/h5>\r\n<div class=\"yj6qo\"><\/div>\r\n<div class=\"adL\"><\/div>","protected":false},"excerpt":{"rendered":"<p>Papildu stabilit\u0101te padara to par izcilu metiena puteri un uzticamu pieeju disku ar\u012b v\u0113jainos apst\u0101k\u013cos.<\/p>\n","protected":false},"featured_media":16272,"template":"","meta":[],"product_cat":[256,454],"product_tag":[],"class_list":["post-13747","product","type-product","status-publish","has-post-thumbnail","hentry","product_cat-diski","product_cat-top-lv","wvs-archive-product-wrapper"],"yoast_head":"<!-- This site is optimized with the Yoast SEO plugin v21.1 - https:\/\/yoast.com\/wordpress\/plugins\/seo\/ -->\n<title>AROWANA glO-G Putt|Approach - DiskGolf<\/title>\n<meta name=\"description\" content=\"New mold, the Arowana, is a straight flying putter with flight numbers 3\/3\/-1\/2. It can be used as a throwing putter, even matching the distance of some straight flying midranges. If you like the Koi, you are in for a more overstable treat.\" \/>\n<meta name=\"robots\" content=\"index, follow, max-snippet:-1, max-image-preview:large, max-video-preview:-1\" \/>\n<link rel=\"canonical\" href=\"https:\/\/diskgolf.lv\/lv\/product\/arowana-glo-g-puttapproach\/\" \/>\n<meta property=\"og:locale\" content=\"lv_LV\" \/>\n<meta property=\"og:type\" content=\"article\" \/>\n<meta property=\"og:title\" content=\"AROWANA glO-G Putt|Approach - DiskGolf\" \/>\n<meta property=\"og:description\" content=\"New mold, the Arowana, is a straight flying putter with flight numbers 3\/3\/-1\/2. It can be used as a throwing putter, even matching the distance of some straight flying midranges. If you like the Koi, you are in for a more overstable treat.\" \/>\n<meta property=\"og:url\" content=\"https:\/\/diskgolf.lv\/lv\/product\/arowana-glo-g-puttapproach\/\" \/>\n<meta property=\"og:site_name\" content=\"DiskGolf\" \/>\n<meta property=\"article:publisher\" content=\"https:\/\/www.facebook.com\/profile.php?id=100090022176595\" \/>\n<meta property=\"article:modified_time\" content=\"2025-12-01T18:18:52+00:00\" \/>\n<meta property=\"og:image\" content=\"https:\/\/diskgolf.lv\/wp-content\/uploads\/2023\/09\/Elevation_Arowana_glow_putter_day.webp\" \/>\n\t<meta property=\"og:image:width\" content=\"2395\" \/>\n\t<meta property=\"og:image:height\" content=\"2404\" \/>\n\t<meta property=\"og:image:type\" content=\"image\/webp\" \/>\n<meta name=\"twitter:card\" content=\"summary_large_image\" \/>\n<meta name=\"twitter:label1\" content=\"Est. reading time\" \/>\n\t<meta name=\"twitter:data1\" content=\"1 minute\" \/>\n<script type=\"application\/ld+json\" class=\"yoast-schema-graph\">{\"@context\":\"https:\/\/schema.org\",\"@graph\":[{\"@type\":\"WebPage\",\"@id\":\"https:\/\/diskgolf.lv\/lv\/product\/arowana-glo-g-puttapproach\/\",\"url\":\"https:\/\/diskgolf.lv\/lv\/product\/arowana-glo-g-puttapproach\/\",\"name\":\"AROWANA glO-G Putt|Approach - DiskGolf\",\"isPartOf\":{\"@id\":\"https:\/\/diskgolf.lv\/lv\/#website\"},\"datePublished\":\"2023-09-21T09:09:51+00:00\",\"dateModified\":\"2025-12-01T18:18:52+00:00\",\"description\":\"New mold, the Arowana, is a straight flying putter with flight numbers 3\/3\/-1\/2. It can be used as a throwing putter, even matching the distance of some straight flying midranges. If you like the Koi, you are in for a more overstable treat.\",\"breadcrumb\":{\"@id\":\"https:\/\/diskgolf.lv\/lv\/product\/arowana-glo-g-puttapproach\/#breadcrumb\"},\"inLanguage\":\"lv-LV\",\"potentialAction\":[{\"@type\":\"ReadAction\",\"target\":[\"https:\/\/diskgolf.lv\/lv\/product\/arowana-glo-g-puttapproach\/\"]}]},{\"@type\":\"BreadcrumbList\",\"@id\":\"https:\/\/diskgolf.lv\/lv\/product\/arowana-glo-g-puttapproach\/#breadcrumb\",\"itemListElement\":[{\"@type\":\"ListItem\",\"position\":1,\"name\":\"Home\",\"item\":\"https:\/\/diskgolf.lv\/lv\/\"},{\"@type\":\"ListItem\",\"position\":2,\"name\":\"Veikals\",\"item\":\"https:\/\/diskgolf.lv\/lv\/shop-2\/\"},{\"@type\":\"ListItem\",\"position\":3,\"name\":\"AROWANA glO-G Putt|Approach\"}]},{\"@type\":\"WebSite\",\"@id\":\"https:\/\/diskgolf.lv\/lv\/#website\",\"url\":\"https:\/\/diskgolf.lv\/lv\/\",\"name\":\"DiskGolf\",\"description\":\"DiskGolf\",\"publisher\":{\"@id\":\"https:\/\/diskgolf.lv\/lv\/#organization\"},\"potentialAction\":[{\"@type\":\"SearchAction\",\"target\":{\"@type\":\"EntryPoint\",\"urlTemplate\":\"https:\/\/diskgolf.lv\/lv\/?s={search_term_string}\"},\"query-input\":\"required name=search_term_string\"}],\"inLanguage\":\"lv-LV\"},{\"@type\":\"Organization\",\"@id\":\"https:\/\/diskgolf.lv\/lv\/#organization\",\"name\":\"DiskGolf\",\"url\":\"https:\/\/diskgolf.lv\/lv\/\",\"logo\":{\"@type\":\"ImageObject\",\"inLanguage\":\"lv-LV\",\"@id\":\"https:\/\/diskgolf.lv\/lv\/#\/schema\/logo\/image\/\",\"url\":\"https:\/\/diskgolf.lv\/wp-content\/uploads\/2022\/06\/diskgolf.png\",\"contentUrl\":\"https:\/\/diskgolf.lv\/wp-content\/uploads\/2022\/06\/diskgolf.png\",\"width\":515,\"height\":104,\"caption\":\"DiskGolf\"},\"image\":{\"@id\":\"https:\/\/diskgolf.lv\/lv\/#\/schema\/logo\/image\/\"},\"sameAs\":[\"https:\/\/www.facebook.com\/profile.php?id=100090022176595\"]}]}<\/script>\n<!-- \/ Yoast SEO plugin. -->","yoast_head_json":{"title":"AROWANA glO-G Putt|Approach - DiskGolf","description":"New mold, the Arowana, is a straight flying putter with flight numbers 3\/3\/-1\/2. It can be used as a throwing putter, even matching the distance of some straight flying midranges. If you like the Koi, you are in for a more overstable treat.","robots":{"index":"index","follow":"follow","max-snippet":"max-snippet:-1","max-image-preview":"max-image-preview:large","max-video-preview":"max-video-preview:-1"},"canonical":"https:\/\/diskgolf.lv\/lv\/product\/arowana-glo-g-puttapproach\/","og_locale":"lv_LV","og_type":"article","og_title":"AROWANA glO-G Putt|Approach - DiskGolf","og_description":"New mold, the Arowana, is a straight flying putter with flight numbers 3\/3\/-1\/2. It can be used as a throwing putter, even matching the distance of some straight flying midranges. If you like the Koi, you are in for a more overstable treat.","og_url":"https:\/\/diskgolf.lv\/lv\/product\/arowana-glo-g-puttapproach\/","og_site_name":"DiskGolf","article_publisher":"https:\/\/www.facebook.com\/profile.php?id=100090022176595","article_modified_time":"2025-12-01T18:18:52+00:00","og_image":[{"width":2395,"height":2404,"url":"https:\/\/diskgolf.lv\/wp-content\/uploads\/2023\/09\/Elevation_Arowana_glow_putter_day.webp","type":"image\/webp"}],"twitter_card":"summary_large_image","twitter_misc":{"Est. reading time":"1 minute"},"schema":{"@context":"https:\/\/schema.org","@graph":[{"@type":"WebPage","@id":"https:\/\/diskgolf.lv\/lv\/product\/arowana-glo-g-puttapproach\/","url":"https:\/\/diskgolf.lv\/lv\/product\/arowana-glo-g-puttapproach\/","name":"AROWANA glO-G Putt|Approach - DiskGolf","isPartOf":{"@id":"https:\/\/diskgolf.lv\/lv\/#website"},"datePublished":"2023-09-21T09:09:51+00:00","dateModified":"2025-12-01T18:18:52+00:00","description":"New mold, the Arowana, is a straight flying putter with flight numbers 3\/3\/-1\/2. It can be used as a throwing putter, even matching the distance of some straight flying midranges. If you like the Koi, you are in for a more overstable treat.","breadcrumb":{"@id":"https:\/\/diskgolf.lv\/lv\/product\/arowana-glo-g-puttapproach\/#breadcrumb"},"inLanguage":"lv-LV","potentialAction":[{"@type":"ReadAction","target":["https:\/\/diskgolf.lv\/lv\/product\/arowana-glo-g-puttapproach\/"]}]},{"@type":"BreadcrumbList","@id":"https:\/\/diskgolf.lv\/lv\/product\/arowana-glo-g-puttapproach\/#breadcrumb","itemListElement":[{"@type":"ListItem","position":1,"name":"Home","item":"https:\/\/diskgolf.lv\/lv\/"},{"@type":"ListItem","position":2,"name":"Veikals","item":"https:\/\/diskgolf.lv\/lv\/shop-2\/"},{"@type":"ListItem","position":3,"name":"AROWANA glO-G Putt|Approach"}]},{"@type":"WebSite","@id":"https:\/\/diskgolf.lv\/lv\/#website","url":"https:\/\/diskgolf.lv\/lv\/","name":"DiskGolf","description":"DiskGolf","publisher":{"@id":"https:\/\/diskgolf.lv\/lv\/#organization"},"potentialAction":[{"@type":"SearchAction","target":{"@type":"EntryPoint","urlTemplate":"https:\/\/diskgolf.lv\/lv\/?s={search_term_string}"},"query-input":"required name=search_term_string"}],"inLanguage":"lv-LV"},{"@type":"Organization","@id":"https:\/\/diskgolf.lv\/lv\/#organization","name":"DiskGolf","url":"https:\/\/diskgolf.lv\/lv\/","logo":{"@type":"ImageObject","inLanguage":"lv-LV","@id":"https:\/\/diskgolf.lv\/lv\/#\/schema\/logo\/image\/","url":"https:\/\/diskgolf.lv\/wp-content\/uploads\/2022\/06\/diskgolf.png","contentUrl":"https:\/\/diskgolf.lv\/wp-content\/uploads\/2022\/06\/diskgolf.png","width":515,"height":104,"caption":"DiskGolf"},"image":{"@id":"https:\/\/diskgolf.lv\/lv\/#\/schema\/logo\/image\/"},"sameAs":["https:\/\/www.facebook.com\/profile.php?id=100090022176595"]}]}},"_links":{"self":[{"href":"https:\/\/diskgolf.lv\/lv\/wp-json\/wp\/v2\/product\/13747","targetHints":{"allow":["GET"]}}],"collection":[{"href":"https:\/\/diskgolf.lv\/lv\/wp-json\/wp\/v2\/product"}],"about":[{"href":"https:\/\/diskgolf.lv\/lv\/wp-json\/wp\/v2\/types\/product"}],"wp:featuredmedia":[{"embeddable":true,"href":"https:\/\/diskgolf.lv\/lv\/wp-json\/wp\/v2\/media\/16272"}],"wp:attachment":[{"href":"https:\/\/diskgolf.lv\/lv\/wp-json\/wp\/v2\/media?parent=13747"}],"wp:term":[{"taxonomy":"product_cat","embeddable":true,"href":"https:\/\/diskgolf.lv\/lv\/wp-json\/wp\/v2\/product_cat?post=13747"},{"taxonomy":"product_tag","embeddable":true,"href":"https:\/\/diskgolf.lv\/lv\/wp-json\/wp\/v2\/product_tag?post=13747"}],"curies":[{"name":"wp","href":"https:\/\/api.w.org\/{rel}","templated":true}]}}