{"id":13932,"date":"2023-02-17T20:12:53","date_gmt":"2023-02-17T17:12:53","guid":{"rendered":"https:\/\/diskgolf.lv\/product\/elevation-og-mini\/"},"modified":"2025-12-01T22:27:48","modified_gmt":"2025-12-01T19:27:48","slug":"elevation-og-mini","status":"publish","type":"product","link":"https:\/\/diskgolf.lv\/lv\/product\/elevation-og-mini\/","title":{"rendered":"Elevation OG Mini"},"content":{"rendered":"<h5>\u0160ie elast\u012bgie maz\u0101 izm\u0113ra diski ir rad\u012bti, lai b\u016btu <em data-start=\"89\" data-end=\"111\">ide\u0101li mini mar\u0137ieri<\/em>! Tie ir \u012bpa\u0161i ko\u0161i, lai tu tos viegli paman\u012btu skr\u0113jiena ieskr\u0113jien\u0101, tie ir smagi, lai nenosl\u012bd\u0113tu, kad atrodies uz nog\u0101zes, un elast\u012bgi, lai tos var\u0113tu \u0113rti ielikt jebkur. Turkl\u0101t tie ir veidoti bez as\u0101m mal\u0101m, t\u0101p\u0113c var kalpot ar\u012b k\u0101 m\u012bksts ce\u013cgalu paliktnis<\/h5>","protected":false},"excerpt":{"rendered":"<p>\u0160ie elast\u012bgie maz\u0101 izm\u0113ra diski ir rad\u012bti, lai b\u016btu ide\u0101li mini mar\u0137ieri! Tie ir \u012bpa\u0161i ko\u0161i, lai tu tos viegli paman\u012btu skr\u0113jiena ieskr\u0113jien\u0101, tie ir smagi, lai nenosl\u012bd\u0113tu, kad atrodies uz nog\u0101zes, un elast\u012bgi, lai tos var\u0113tu \u0113rti ielikt jebkur. Turkl\u0101t tie ir veidoti bez as\u0101m mal\u0101m, t\u0101p\u0113c var kalpot ar\u012b k\u0101 m\u012bksts ce\u013cgalu paliktnis<\/p>\n","protected":false},"featured_media":16318,"template":"","meta":[],"product_cat":[236,252],"product_tag":[],"class_list":["post-13932","product","type-product","status-publish","has-post-thumbnail","hentry","product_cat-aksesuari","product_cat-markieris","wvs-archive-product-wrapper"],"yoast_head":"<!-- This site is optimized with the Yoast SEO plugin v21.1 - https:\/\/yoast.com\/wordpress\/plugins\/seo\/ -->\n<title>Elevation OG Mini - DiskGolf<\/title>\n<meta name=\"description\" content=\"The Nano is a mini disc suitable for playing mini disc golf or as a marker in competitive disc golf. Mark your lie in style, and reinforce that all-important confidence in your plastic.\" \/>\n<meta name=\"robots\" content=\"index, follow, max-snippet:-1, max-image-preview:large, max-video-preview:-1\" \/>\n<link rel=\"canonical\" href=\"https:\/\/diskgolf.lv\/lv\/product\/elevation-og-mini\/\" \/>\n<meta property=\"og:locale\" content=\"lv_LV\" \/>\n<meta property=\"og:type\" content=\"article\" \/>\n<meta property=\"og:title\" content=\"Elevation OG Mini - DiskGolf\" \/>\n<meta property=\"og:description\" content=\"The Nano is a mini disc suitable for playing mini disc golf or as a marker in competitive disc golf. Mark your lie in style, and reinforce that all-important confidence in your plastic.\" \/>\n<meta property=\"og:url\" content=\"https:\/\/diskgolf.lv\/lv\/product\/elevation-og-mini\/\" \/>\n<meta property=\"og:site_name\" content=\"DiskGolf\" \/>\n<meta property=\"article:publisher\" content=\"https:\/\/www.facebook.com\/profile.php?id=100090022176595\" \/>\n<meta property=\"article:modified_time\" content=\"2025-12-01T19:27:48+00:00\" \/>\n<meta property=\"og:image\" content=\"https:\/\/diskgolf.lv\/wp-content\/uploads\/2023\/09\/OGmini_Elevation.webp\" \/>\n\t<meta property=\"og:image:width\" content=\"1242\" \/>\n\t<meta property=\"og:image:height\" content=\"1262\" \/>\n\t<meta property=\"og:image:type\" content=\"image\/webp\" \/>\n<meta name=\"twitter:card\" content=\"summary_large_image\" \/>\n<meta name=\"twitter:label1\" content=\"Est. reading time\" \/>\n\t<meta name=\"twitter:data1\" content=\"1 minute\" \/>\n<script type=\"application\/ld+json\" class=\"yoast-schema-graph\">{\"@context\":\"https:\/\/schema.org\",\"@graph\":[{\"@type\":\"WebPage\",\"@id\":\"https:\/\/diskgolf.lv\/lv\/product\/elevation-og-mini\/\",\"url\":\"https:\/\/diskgolf.lv\/lv\/product\/elevation-og-mini\/\",\"name\":\"Elevation OG Mini - DiskGolf\",\"isPartOf\":{\"@id\":\"https:\/\/diskgolf.lv\/lv\/#website\"},\"datePublished\":\"2023-02-17T17:12:53+00:00\",\"dateModified\":\"2025-12-01T19:27:48+00:00\",\"description\":\"The Nano is a mini disc suitable for playing mini disc golf or as a marker in competitive disc golf. Mark your lie in style, and reinforce that all-important confidence in your plastic.\",\"breadcrumb\":{\"@id\":\"https:\/\/diskgolf.lv\/lv\/product\/elevation-og-mini\/#breadcrumb\"},\"inLanguage\":\"lv-LV\",\"potentialAction\":[{\"@type\":\"ReadAction\",\"target\":[\"https:\/\/diskgolf.lv\/lv\/product\/elevation-og-mini\/\"]}]},{\"@type\":\"BreadcrumbList\",\"@id\":\"https:\/\/diskgolf.lv\/lv\/product\/elevation-og-mini\/#breadcrumb\",\"itemListElement\":[{\"@type\":\"ListItem\",\"position\":1,\"name\":\"Home\",\"item\":\"https:\/\/diskgolf.lv\/lv\/\"},{\"@type\":\"ListItem\",\"position\":2,\"name\":\"Veikals\",\"item\":\"https:\/\/diskgolf.lv\/lv\/shop-2\/\"},{\"@type\":\"ListItem\",\"position\":3,\"name\":\"Elevation OG Mini\"}]},{\"@type\":\"WebSite\",\"@id\":\"https:\/\/diskgolf.lv\/lv\/#website\",\"url\":\"https:\/\/diskgolf.lv\/lv\/\",\"name\":\"DiskGolf\",\"description\":\"DiskGolf\",\"publisher\":{\"@id\":\"https:\/\/diskgolf.lv\/lv\/#organization\"},\"potentialAction\":[{\"@type\":\"SearchAction\",\"target\":{\"@type\":\"EntryPoint\",\"urlTemplate\":\"https:\/\/diskgolf.lv\/lv\/?s={search_term_string}\"},\"query-input\":\"required name=search_term_string\"}],\"inLanguage\":\"lv-LV\"},{\"@type\":\"Organization\",\"@id\":\"https:\/\/diskgolf.lv\/lv\/#organization\",\"name\":\"DiskGolf\",\"url\":\"https:\/\/diskgolf.lv\/lv\/\",\"logo\":{\"@type\":\"ImageObject\",\"inLanguage\":\"lv-LV\",\"@id\":\"https:\/\/diskgolf.lv\/lv\/#\/schema\/logo\/image\/\",\"url\":\"https:\/\/diskgolf.lv\/wp-content\/uploads\/2022\/06\/diskgolf.png\",\"contentUrl\":\"https:\/\/diskgolf.lv\/wp-content\/uploads\/2022\/06\/diskgolf.png\",\"width\":515,\"height\":104,\"caption\":\"DiskGolf\"},\"image\":{\"@id\":\"https:\/\/diskgolf.lv\/lv\/#\/schema\/logo\/image\/\"},\"sameAs\":[\"https:\/\/www.facebook.com\/profile.php?id=100090022176595\"]}]}<\/script>\n<!-- \/ Yoast SEO plugin. -->","yoast_head_json":{"title":"Elevation OG Mini - DiskGolf","description":"The Nano is a mini disc suitable for playing mini disc golf or as a marker in competitive disc golf. Mark your lie in style, and reinforce that all-important confidence in your plastic.","robots":{"index":"index","follow":"follow","max-snippet":"max-snippet:-1","max-image-preview":"max-image-preview:large","max-video-preview":"max-video-preview:-1"},"canonical":"https:\/\/diskgolf.lv\/lv\/product\/elevation-og-mini\/","og_locale":"lv_LV","og_type":"article","og_title":"Elevation OG Mini - DiskGolf","og_description":"The Nano is a mini disc suitable for playing mini disc golf or as a marker in competitive disc golf. Mark your lie in style, and reinforce that all-important confidence in your plastic.","og_url":"https:\/\/diskgolf.lv\/lv\/product\/elevation-og-mini\/","og_site_name":"DiskGolf","article_publisher":"https:\/\/www.facebook.com\/profile.php?id=100090022176595","article_modified_time":"2025-12-01T19:27:48+00:00","og_image":[{"width":1242,"height":1262,"url":"https:\/\/diskgolf.lv\/wp-content\/uploads\/2023\/09\/OGmini_Elevation.webp","type":"image\/webp"}],"twitter_card":"summary_large_image","twitter_misc":{"Est. reading time":"1 minute"},"schema":{"@context":"https:\/\/schema.org","@graph":[{"@type":"WebPage","@id":"https:\/\/diskgolf.lv\/lv\/product\/elevation-og-mini\/","url":"https:\/\/diskgolf.lv\/lv\/product\/elevation-og-mini\/","name":"Elevation OG Mini - DiskGolf","isPartOf":{"@id":"https:\/\/diskgolf.lv\/lv\/#website"},"datePublished":"2023-02-17T17:12:53+00:00","dateModified":"2025-12-01T19:27:48+00:00","description":"The Nano is a mini disc suitable for playing mini disc golf or as a marker in competitive disc golf. Mark your lie in style, and reinforce that all-important confidence in your plastic.","breadcrumb":{"@id":"https:\/\/diskgolf.lv\/lv\/product\/elevation-og-mini\/#breadcrumb"},"inLanguage":"lv-LV","potentialAction":[{"@type":"ReadAction","target":["https:\/\/diskgolf.lv\/lv\/product\/elevation-og-mini\/"]}]},{"@type":"BreadcrumbList","@id":"https:\/\/diskgolf.lv\/lv\/product\/elevation-og-mini\/#breadcrumb","itemListElement":[{"@type":"ListItem","position":1,"name":"Home","item":"https:\/\/diskgolf.lv\/lv\/"},{"@type":"ListItem","position":2,"name":"Veikals","item":"https:\/\/diskgolf.lv\/lv\/shop-2\/"},{"@type":"ListItem","position":3,"name":"Elevation OG Mini"}]},{"@type":"WebSite","@id":"https:\/\/diskgolf.lv\/lv\/#website","url":"https:\/\/diskgolf.lv\/lv\/","name":"DiskGolf","description":"DiskGolf","publisher":{"@id":"https:\/\/diskgolf.lv\/lv\/#organization"},"potentialAction":[{"@type":"SearchAction","target":{"@type":"EntryPoint","urlTemplate":"https:\/\/diskgolf.lv\/lv\/?s={search_term_string}"},"query-input":"required name=search_term_string"}],"inLanguage":"lv-LV"},{"@type":"Organization","@id":"https:\/\/diskgolf.lv\/lv\/#organization","name":"DiskGolf","url":"https:\/\/diskgolf.lv\/lv\/","logo":{"@type":"ImageObject","inLanguage":"lv-LV","@id":"https:\/\/diskgolf.lv\/lv\/#\/schema\/logo\/image\/","url":"https:\/\/diskgolf.lv\/wp-content\/uploads\/2022\/06\/diskgolf.png","contentUrl":"https:\/\/diskgolf.lv\/wp-content\/uploads\/2022\/06\/diskgolf.png","width":515,"height":104,"caption":"DiskGolf"},"image":{"@id":"https:\/\/diskgolf.lv\/lv\/#\/schema\/logo\/image\/"},"sameAs":["https:\/\/www.facebook.com\/profile.php?id=100090022176595"]}]}},"_links":{"self":[{"href":"https:\/\/diskgolf.lv\/lv\/wp-json\/wp\/v2\/product\/13932","targetHints":{"allow":["GET"]}}],"collection":[{"href":"https:\/\/diskgolf.lv\/lv\/wp-json\/wp\/v2\/product"}],"about":[{"href":"https:\/\/diskgolf.lv\/lv\/wp-json\/wp\/v2\/types\/product"}],"wp:featuredmedia":[{"embeddable":true,"href":"https:\/\/diskgolf.lv\/lv\/wp-json\/wp\/v2\/media\/16318"}],"wp:attachment":[{"href":"https:\/\/diskgolf.lv\/lv\/wp-json\/wp\/v2\/media?parent=13932"}],"wp:term":[{"taxonomy":"product_cat","embeddable":true,"href":"https:\/\/diskgolf.lv\/lv\/wp-json\/wp\/v2\/product_cat?post=13932"},{"taxonomy":"product_tag","embeddable":true,"href":"https:\/\/diskgolf.lv\/lv\/wp-json\/wp\/v2\/product_tag?post=13932"}],"curies":[{"name":"wp","href":"https:\/\/api.w.org\/{rel}","templated":true}]}}