{"id":16280,"date":"2025-12-01T21:27:14","date_gmt":"2025-12-01T18:27:14","guid":{"rendered":"https:\/\/diskgolf.lv\/?post_type=product&#038;p=16280"},"modified":"2025-12-01T22:11:49","modified_gmt":"2025-12-01T19:11:49","slug":"arowana-glo-g-puttapproach-copy","status":"publish","type":"product","link":"https:\/\/diskgolf.lv\/lv\/product\/arowana-glo-g-puttapproach-copy\/","title":{"rendered":"KOI glO-G Putt|Approach"},"content":{"rendered":"<p data-start=\"164\" data-end=\"570\">K\u0101 Elevation Disc Golf pirmais puteris, <strong data-start=\"225\" data-end=\"232\">Koi<\/strong> ir rad\u012bts, lai viegli \u201caizpeld\u0113tu\u201d l\u012bdz grozam. \u0160is nestabilais puteris nodro\u0161in\u0101s \u0113rtus \u201cturnover\u201d metienus un piln\u012bgi taisnas pieejas. \u0160is laidiens izdevies \u012bpa\u0161i m\u012bksts un \u013coti elast\u012bgs, lai maksim\u0101li samazin\u0101tu atl\u0113cienu no zemes. PDGA apstiprin\u0101tais Koi sniedz p\u0101rliec\u012bbu pat vissare\u017e\u0123\u012bt\u0101kajos metienos groz\u0101 un riskantaj\u0101s pieej\u0101s.<\/p>\r\n<p data-start=\"572\" data-end=\"911\"><strong data-start=\"572\" data-end=\"911\">&#8220;Koi bija m\u016bsu pirmais molds, kas tie\u0161\u0101m guva popularit\u0101ti. Dom\u0101ju, ka nestabils puteris ir noder\u012bgs ikviena prasmju l\u012bme\u0146a sp\u0113l\u0113t\u0101jam. \u0160is glO-G Koi laidiens man b\u016bs izv\u0113le taisniem pieejas metieniem, kas apst\u0101jas uz vietas, \u201cturnover\u201d metieniem, kurus nev\u0113los p\u0101rv\u0113rst par cut-rolleriem, vai vienk\u0101r\u0161i sp\u012bdo\u0161aj\u0101m sp\u0113l\u0113m ar draugiem.&#8221;<\/strong><\/p>\r\n<p data-start=\"913\" data-end=\"972\">\u2014 Ostins Minno\u010di, Elevation l\u012bdzdibin\u0101t\u0101js, formu dizainers<\/p>\r\n\r\n<h5><\/h5>\r\n<div class=\"yj6qo\"><\/div>\r\n<div class=\"adL\"><\/div>","protected":false},"excerpt":{"rendered":"<p>PDGA apstiprin\u0101tais Koi sniedz p\u0101rliec\u012bbu pat vissare\u017e\u0123\u012bt\u0101kajos metienos groz\u0101 un riskantaj\u0101s pieej\u0101s.<\/p>\n","protected":false},"featured_media":16288,"template":"","meta":[],"product_cat":[256],"product_tag":[],"class_list":["post-16280","product","type-product","status-publish","has-post-thumbnail","hentry","product_cat-diski","wvs-archive-product-wrapper"],"yoast_head":"<!-- This site is optimized with the Yoast SEO plugin v21.1 - https:\/\/yoast.com\/wordpress\/plugins\/seo\/ -->\n<title>KOI glO-G Putt|Approach - DiskGolf<\/title>\n<meta name=\"description\" content=\"New mold, the Arowana, is a straight flying putter with flight numbers 3\/3\/-1\/2. It can be used as a throwing putter, even matching the distance of some straight flying midranges. If you like the Koi, you are in for a more overstable treat.\" \/>\n<meta name=\"robots\" content=\"index, follow, max-snippet:-1, max-image-preview:large, max-video-preview:-1\" \/>\n<link rel=\"canonical\" href=\"https:\/\/diskgolf.lv\/lv\/product\/arowana-glo-g-puttapproach-copy\/\" \/>\n<meta property=\"og:locale\" content=\"lv_LV\" \/>\n<meta property=\"og:type\" content=\"article\" \/>\n<meta property=\"og:title\" content=\"KOI glO-G Putt|Approach - DiskGolf\" \/>\n<meta property=\"og:description\" content=\"New mold, the Arowana, is a straight flying putter with flight numbers 3\/3\/-1\/2. It can be used as a throwing putter, even matching the distance of some straight flying midranges. If you like the Koi, you are in for a more overstable treat.\" \/>\n<meta property=\"og:url\" content=\"https:\/\/diskgolf.lv\/lv\/product\/arowana-glo-g-puttapproach-copy\/\" \/>\n<meta property=\"og:site_name\" content=\"DiskGolf\" \/>\n<meta property=\"article:publisher\" content=\"https:\/\/www.facebook.com\/profile.php?id=100090022176595\" \/>\n<meta property=\"article:modified_time\" content=\"2025-12-01T19:11:49+00:00\" \/>\n<meta property=\"og:image\" content=\"https:\/\/diskgolf.lv\/wp-content\/uploads\/2025\/12\/KOI-Elevation-putter_-pink.webp\" \/>\n\t<meta property=\"og:image:width\" content=\"2495\" \/>\n\t<meta property=\"og:image:height\" content=\"2447\" \/>\n\t<meta property=\"og:image:type\" content=\"image\/webp\" \/>\n<meta name=\"twitter:card\" content=\"summary_large_image\" \/>\n<meta name=\"twitter:label1\" content=\"Est. reading time\" \/>\n\t<meta name=\"twitter:data1\" content=\"1 minute\" \/>\n<script type=\"application\/ld+json\" class=\"yoast-schema-graph\">{\"@context\":\"https:\/\/schema.org\",\"@graph\":[{\"@type\":\"WebPage\",\"@id\":\"https:\/\/diskgolf.lv\/lv\/product\/arowana-glo-g-puttapproach-copy\/\",\"url\":\"https:\/\/diskgolf.lv\/lv\/product\/arowana-glo-g-puttapproach-copy\/\",\"name\":\"KOI glO-G Putt|Approach - DiskGolf\",\"isPartOf\":{\"@id\":\"https:\/\/diskgolf.lv\/lv\/#website\"},\"datePublished\":\"2025-12-01T18:27:14+00:00\",\"dateModified\":\"2025-12-01T19:11:49+00:00\",\"description\":\"New mold, the Arowana, is a straight flying putter with flight numbers 3\/3\/-1\/2. It can be used as a throwing putter, even matching the distance of some straight flying midranges. If you like the Koi, you are in for a more overstable treat.\",\"breadcrumb\":{\"@id\":\"https:\/\/diskgolf.lv\/lv\/product\/arowana-glo-g-puttapproach-copy\/#breadcrumb\"},\"inLanguage\":\"lv-LV\",\"potentialAction\":[{\"@type\":\"ReadAction\",\"target\":[\"https:\/\/diskgolf.lv\/lv\/product\/arowana-glo-g-puttapproach-copy\/\"]}]},{\"@type\":\"BreadcrumbList\",\"@id\":\"https:\/\/diskgolf.lv\/lv\/product\/arowana-glo-g-puttapproach-copy\/#breadcrumb\",\"itemListElement\":[{\"@type\":\"ListItem\",\"position\":1,\"name\":\"Home\",\"item\":\"https:\/\/diskgolf.lv\/lv\/\"},{\"@type\":\"ListItem\",\"position\":2,\"name\":\"Veikals\",\"item\":\"https:\/\/diskgolf.lv\/lv\/shop-2\/\"},{\"@type\":\"ListItem\",\"position\":3,\"name\":\"KOI glO-G Putt|Approach\"}]},{\"@type\":\"WebSite\",\"@id\":\"https:\/\/diskgolf.lv\/lv\/#website\",\"url\":\"https:\/\/diskgolf.lv\/lv\/\",\"name\":\"DiskGolf\",\"description\":\"DiskGolf\",\"publisher\":{\"@id\":\"https:\/\/diskgolf.lv\/lv\/#organization\"},\"potentialAction\":[{\"@type\":\"SearchAction\",\"target\":{\"@type\":\"EntryPoint\",\"urlTemplate\":\"https:\/\/diskgolf.lv\/lv\/?s={search_term_string}\"},\"query-input\":\"required name=search_term_string\"}],\"inLanguage\":\"lv-LV\"},{\"@type\":\"Organization\",\"@id\":\"https:\/\/diskgolf.lv\/lv\/#organization\",\"name\":\"DiskGolf\",\"url\":\"https:\/\/diskgolf.lv\/lv\/\",\"logo\":{\"@type\":\"ImageObject\",\"inLanguage\":\"lv-LV\",\"@id\":\"https:\/\/diskgolf.lv\/lv\/#\/schema\/logo\/image\/\",\"url\":\"https:\/\/diskgolf.lv\/wp-content\/uploads\/2022\/06\/diskgolf.png\",\"contentUrl\":\"https:\/\/diskgolf.lv\/wp-content\/uploads\/2022\/06\/diskgolf.png\",\"width\":515,\"height\":104,\"caption\":\"DiskGolf\"},\"image\":{\"@id\":\"https:\/\/diskgolf.lv\/lv\/#\/schema\/logo\/image\/\"},\"sameAs\":[\"https:\/\/www.facebook.com\/profile.php?id=100090022176595\"]}]}<\/script>\n<!-- \/ Yoast SEO plugin. -->","yoast_head_json":{"title":"KOI glO-G Putt|Approach - DiskGolf","description":"New mold, the Arowana, is a straight flying putter with flight numbers 3\/3\/-1\/2. It can be used as a throwing putter, even matching the distance of some straight flying midranges. If you like the Koi, you are in for a more overstable treat.","robots":{"index":"index","follow":"follow","max-snippet":"max-snippet:-1","max-image-preview":"max-image-preview:large","max-video-preview":"max-video-preview:-1"},"canonical":"https:\/\/diskgolf.lv\/lv\/product\/arowana-glo-g-puttapproach-copy\/","og_locale":"lv_LV","og_type":"article","og_title":"KOI glO-G Putt|Approach - DiskGolf","og_description":"New mold, the Arowana, is a straight flying putter with flight numbers 3\/3\/-1\/2. It can be used as a throwing putter, even matching the distance of some straight flying midranges. If you like the Koi, you are in for a more overstable treat.","og_url":"https:\/\/diskgolf.lv\/lv\/product\/arowana-glo-g-puttapproach-copy\/","og_site_name":"DiskGolf","article_publisher":"https:\/\/www.facebook.com\/profile.php?id=100090022176595","article_modified_time":"2025-12-01T19:11:49+00:00","og_image":[{"width":2495,"height":2447,"url":"https:\/\/diskgolf.lv\/wp-content\/uploads\/2025\/12\/KOI-Elevation-putter_-pink.webp","type":"image\/webp"}],"twitter_card":"summary_large_image","twitter_misc":{"Est. reading time":"1 minute"},"schema":{"@context":"https:\/\/schema.org","@graph":[{"@type":"WebPage","@id":"https:\/\/diskgolf.lv\/lv\/product\/arowana-glo-g-puttapproach-copy\/","url":"https:\/\/diskgolf.lv\/lv\/product\/arowana-glo-g-puttapproach-copy\/","name":"KOI glO-G Putt|Approach - DiskGolf","isPartOf":{"@id":"https:\/\/diskgolf.lv\/lv\/#website"},"datePublished":"2025-12-01T18:27:14+00:00","dateModified":"2025-12-01T19:11:49+00:00","description":"New mold, the Arowana, is a straight flying putter with flight numbers 3\/3\/-1\/2. It can be used as a throwing putter, even matching the distance of some straight flying midranges. If you like the Koi, you are in for a more overstable treat.","breadcrumb":{"@id":"https:\/\/diskgolf.lv\/lv\/product\/arowana-glo-g-puttapproach-copy\/#breadcrumb"},"inLanguage":"lv-LV","potentialAction":[{"@type":"ReadAction","target":["https:\/\/diskgolf.lv\/lv\/product\/arowana-glo-g-puttapproach-copy\/"]}]},{"@type":"BreadcrumbList","@id":"https:\/\/diskgolf.lv\/lv\/product\/arowana-glo-g-puttapproach-copy\/#breadcrumb","itemListElement":[{"@type":"ListItem","position":1,"name":"Home","item":"https:\/\/diskgolf.lv\/lv\/"},{"@type":"ListItem","position":2,"name":"Veikals","item":"https:\/\/diskgolf.lv\/lv\/shop-2\/"},{"@type":"ListItem","position":3,"name":"KOI glO-G Putt|Approach"}]},{"@type":"WebSite","@id":"https:\/\/diskgolf.lv\/lv\/#website","url":"https:\/\/diskgolf.lv\/lv\/","name":"DiskGolf","description":"DiskGolf","publisher":{"@id":"https:\/\/diskgolf.lv\/lv\/#organization"},"potentialAction":[{"@type":"SearchAction","target":{"@type":"EntryPoint","urlTemplate":"https:\/\/diskgolf.lv\/lv\/?s={search_term_string}"},"query-input":"required name=search_term_string"}],"inLanguage":"lv-LV"},{"@type":"Organization","@id":"https:\/\/diskgolf.lv\/lv\/#organization","name":"DiskGolf","url":"https:\/\/diskgolf.lv\/lv\/","logo":{"@type":"ImageObject","inLanguage":"lv-LV","@id":"https:\/\/diskgolf.lv\/lv\/#\/schema\/logo\/image\/","url":"https:\/\/diskgolf.lv\/wp-content\/uploads\/2022\/06\/diskgolf.png","contentUrl":"https:\/\/diskgolf.lv\/wp-content\/uploads\/2022\/06\/diskgolf.png","width":515,"height":104,"caption":"DiskGolf"},"image":{"@id":"https:\/\/diskgolf.lv\/lv\/#\/schema\/logo\/image\/"},"sameAs":["https:\/\/www.facebook.com\/profile.php?id=100090022176595"]}]}},"_links":{"self":[{"href":"https:\/\/diskgolf.lv\/lv\/wp-json\/wp\/v2\/product\/16280","targetHints":{"allow":["GET"]}}],"collection":[{"href":"https:\/\/diskgolf.lv\/lv\/wp-json\/wp\/v2\/product"}],"about":[{"href":"https:\/\/diskgolf.lv\/lv\/wp-json\/wp\/v2\/types\/product"}],"wp:featuredmedia":[{"embeddable":true,"href":"https:\/\/diskgolf.lv\/lv\/wp-json\/wp\/v2\/media\/16288"}],"wp:attachment":[{"href":"https:\/\/diskgolf.lv\/lv\/wp-json\/wp\/v2\/media?parent=16280"}],"wp:term":[{"taxonomy":"product_cat","embeddable":true,"href":"https:\/\/diskgolf.lv\/lv\/wp-json\/wp\/v2\/product_cat?post=16280"},{"taxonomy":"product_tag","embeddable":true,"href":"https:\/\/diskgolf.lv\/lv\/wp-json\/wp\/v2\/product_tag?post=16280"}],"curies":[{"name":"wp","href":"https:\/\/api.w.org\/{rel}","templated":true}]}}