{"id":16305,"date":"2025-12-01T21:55:16","date_gmt":"2025-12-01T18:55:16","guid":{"rendered":"https:\/\/diskgolf.lv\/?post_type=product&#038;p=16305"},"modified":"2025-12-01T22:09:12","modified_gmt":"2025-12-01T19:09:12","slug":"interceptor-ecofirm-midrange-driver","status":"publish","type":"product","link":"https:\/\/diskgolf.lv\/lv\/product\/interceptor-ecofirm-midrange-driver\/","title":{"rendered":"INTERCEPTOR ecoFIRM Midrange Driver"},"content":{"rendered":"<h5 data-start=\"37\" data-end=\"86\"><strong data-start=\"37\" data-end=\"71\">Lidojuma r\u0101d\u012bt\u0101ji:<\/strong> 5 | 4 | -1 | 2<\/h5>\r\n<h5 data-start=\"88\" data-end=\"465\">\u0160is <strong data-start=\"110\" data-end=\"125\">Interceptor<\/strong> laidiens ir pirmais, kas izgatavots no <strong data-start=\"165\" data-end=\"176\">ecoFIRM<\/strong> materi\u0101la, kura m\u0113r\u0137is ir sniegt p\u0101rliecino\u0161u satv\u0113rienu \u2014 ciet\u0101ks saj\u016bt\u0101, bet joproj\u0101m ar m\u016bsu triecienus absorb\u0113jo\u0161o gumiju, kas samazina atl\u0113cienu no zemes. Diskam b\u016bs taisna lidojuma trajektorija ar nelielu \u201cturn\u201d, ja to met sp\u0113c\u012bgi, bet kad tas s\u0101k \u201cfade\u201d, tas atgriez\u012bsies ar jaudu.<\/h5>\r\n<h5 data-start=\"467\" data-end=\"852\">K\u0101 Elevation Disc Golf pirmais disks, <strong data-start=\"505\" data-end=\"520\">Interceptor<\/strong> ir rad\u012bts, lai vienk\u0101r\u0161otu katru pieejas metienu. \u0160is p\u0101rstabilais midreind\u017es ir ar zemu profilu un gropi uz lidojuma virsmas, radot perfektu saj\u016btu gan forehand, gan backhand metieniem. Izgatavots no iztur\u012bgas gumijas, PDGA apstiprin\u0101tais Interceptor sniedz p\u0101rliec\u012bbu pat visriskant\u0101kaj\u0101s pieej\u0101s, padarot t\u0101s izskat\u012bgas vieglas.<\/h5>\r\n<div class=\"yj6qo\"><\/div>\r\n<div class=\"adL\"><\/div>","protected":false},"excerpt":{"rendered":"<p>\u0160is p\u0101rstabilais midreind\u017es ir ar zemu profilu un gropi uz lidojuma virsmas, radot perfektu saj\u016btu gan forehand, gan backhand metieniem.<\/p>\n","protected":false},"featured_media":16313,"template":"","meta":[],"product_cat":[256],"product_tag":[],"class_list":["post-16305","product","type-product","status-publish","has-post-thumbnail","hentry","product_cat-diski","wvs-archive-product-wrapper"],"yoast_head":"<!-- This site is optimized with the Yoast SEO plugin v21.1 - https:\/\/yoast.com\/wordpress\/plugins\/seo\/ -->\n<title>INTERCEPTOR ecoFIRM Midrange Driver - DiskGolf<\/title>\n<meta name=\"robots\" content=\"index, follow, max-snippet:-1, max-image-preview:large, max-video-preview:-1\" \/>\n<link rel=\"canonical\" href=\"https:\/\/diskgolf.lv\/lv\/product\/interceptor-ecofirm-midrange-driver\/\" \/>\n<meta property=\"og:locale\" content=\"lv_LV\" \/>\n<meta property=\"og:type\" content=\"article\" \/>\n<meta property=\"og:title\" content=\"INTERCEPTOR ecoFIRM Midrange Driver - DiskGolf\" \/>\n<meta property=\"og:description\" content=\"\u0160is p\u0101rstabilais midreind\u017es ir ar zemu profilu un gropi uz lidojuma virsmas, radot perfektu saj\u016btu gan forehand, gan backhand metieniem.\" \/>\n<meta property=\"og:url\" content=\"https:\/\/diskgolf.lv\/lv\/product\/interceptor-ecofirm-midrange-driver\/\" \/>\n<meta property=\"og:site_name\" content=\"DiskGolf\" \/>\n<meta property=\"article:publisher\" content=\"https:\/\/www.facebook.com\/profile.php?id=100090022176595\" \/>\n<meta property=\"article:modified_time\" content=\"2025-12-01T19:09:12+00:00\" \/>\n<meta property=\"og:image\" content=\"https:\/\/diskgolf.lv\/wp-content\/uploads\/2025\/12\/Elevation_interceptor_midrange_pink-scaled.webp\" \/>\n\t<meta property=\"og:image:width\" content=\"2519\" \/>\n\t<meta property=\"og:image:height\" content=\"2560\" \/>\n\t<meta property=\"og:image:type\" content=\"image\/webp\" \/>\n<meta name=\"twitter:card\" content=\"summary_large_image\" \/>\n<meta name=\"twitter:label1\" content=\"Est. reading time\" \/>\n\t<meta name=\"twitter:data1\" content=\"1 minute\" \/>\n<script type=\"application\/ld+json\" class=\"yoast-schema-graph\">{\"@context\":\"https:\/\/schema.org\",\"@graph\":[{\"@type\":\"WebPage\",\"@id\":\"https:\/\/diskgolf.lv\/lv\/product\/interceptor-ecofirm-midrange-driver\/\",\"url\":\"https:\/\/diskgolf.lv\/lv\/product\/interceptor-ecofirm-midrange-driver\/\",\"name\":\"INTERCEPTOR ecoFIRM Midrange Driver - DiskGolf\",\"isPartOf\":{\"@id\":\"https:\/\/diskgolf.lv\/lv\/#website\"},\"datePublished\":\"2025-12-01T18:55:16+00:00\",\"dateModified\":\"2025-12-01T19:09:12+00:00\",\"breadcrumb\":{\"@id\":\"https:\/\/diskgolf.lv\/lv\/product\/interceptor-ecofirm-midrange-driver\/#breadcrumb\"},\"inLanguage\":\"lv-LV\",\"potentialAction\":[{\"@type\":\"ReadAction\",\"target\":[\"https:\/\/diskgolf.lv\/lv\/product\/interceptor-ecofirm-midrange-driver\/\"]}]},{\"@type\":\"BreadcrumbList\",\"@id\":\"https:\/\/diskgolf.lv\/lv\/product\/interceptor-ecofirm-midrange-driver\/#breadcrumb\",\"itemListElement\":[{\"@type\":\"ListItem\",\"position\":1,\"name\":\"Home\",\"item\":\"https:\/\/diskgolf.lv\/lv\/\"},{\"@type\":\"ListItem\",\"position\":2,\"name\":\"Veikals\",\"item\":\"https:\/\/diskgolf.lv\/lv\/shop-2\/\"},{\"@type\":\"ListItem\",\"position\":3,\"name\":\"INTERCEPTOR ecoFIRM Midrange Driver\"}]},{\"@type\":\"WebSite\",\"@id\":\"https:\/\/diskgolf.lv\/lv\/#website\",\"url\":\"https:\/\/diskgolf.lv\/lv\/\",\"name\":\"DiskGolf\",\"description\":\"DiskGolf\",\"publisher\":{\"@id\":\"https:\/\/diskgolf.lv\/lv\/#organization\"},\"potentialAction\":[{\"@type\":\"SearchAction\",\"target\":{\"@type\":\"EntryPoint\",\"urlTemplate\":\"https:\/\/diskgolf.lv\/lv\/?s={search_term_string}\"},\"query-input\":\"required name=search_term_string\"}],\"inLanguage\":\"lv-LV\"},{\"@type\":\"Organization\",\"@id\":\"https:\/\/diskgolf.lv\/lv\/#organization\",\"name\":\"DiskGolf\",\"url\":\"https:\/\/diskgolf.lv\/lv\/\",\"logo\":{\"@type\":\"ImageObject\",\"inLanguage\":\"lv-LV\",\"@id\":\"https:\/\/diskgolf.lv\/lv\/#\/schema\/logo\/image\/\",\"url\":\"https:\/\/diskgolf.lv\/wp-content\/uploads\/2022\/06\/diskgolf.png\",\"contentUrl\":\"https:\/\/diskgolf.lv\/wp-content\/uploads\/2022\/06\/diskgolf.png\",\"width\":515,\"height\":104,\"caption\":\"DiskGolf\"},\"image\":{\"@id\":\"https:\/\/diskgolf.lv\/lv\/#\/schema\/logo\/image\/\"},\"sameAs\":[\"https:\/\/www.facebook.com\/profile.php?id=100090022176595\"]}]}<\/script>\n<!-- \/ Yoast SEO plugin. -->","yoast_head_json":{"title":"INTERCEPTOR ecoFIRM Midrange Driver - DiskGolf","robots":{"index":"index","follow":"follow","max-snippet":"max-snippet:-1","max-image-preview":"max-image-preview:large","max-video-preview":"max-video-preview:-1"},"canonical":"https:\/\/diskgolf.lv\/lv\/product\/interceptor-ecofirm-midrange-driver\/","og_locale":"lv_LV","og_type":"article","og_title":"INTERCEPTOR ecoFIRM Midrange Driver - DiskGolf","og_description":"\u0160is p\u0101rstabilais midreind\u017es ir ar zemu profilu un gropi uz lidojuma virsmas, radot perfektu saj\u016btu gan forehand, gan backhand metieniem.","og_url":"https:\/\/diskgolf.lv\/lv\/product\/interceptor-ecofirm-midrange-driver\/","og_site_name":"DiskGolf","article_publisher":"https:\/\/www.facebook.com\/profile.php?id=100090022176595","article_modified_time":"2025-12-01T19:09:12+00:00","og_image":[{"width":2519,"height":2560,"url":"https:\/\/diskgolf.lv\/wp-content\/uploads\/2025\/12\/Elevation_interceptor_midrange_pink-scaled.webp","type":"image\/webp"}],"twitter_card":"summary_large_image","twitter_misc":{"Est. reading time":"1 minute"},"schema":{"@context":"https:\/\/schema.org","@graph":[{"@type":"WebPage","@id":"https:\/\/diskgolf.lv\/lv\/product\/interceptor-ecofirm-midrange-driver\/","url":"https:\/\/diskgolf.lv\/lv\/product\/interceptor-ecofirm-midrange-driver\/","name":"INTERCEPTOR ecoFIRM Midrange Driver - DiskGolf","isPartOf":{"@id":"https:\/\/diskgolf.lv\/lv\/#website"},"datePublished":"2025-12-01T18:55:16+00:00","dateModified":"2025-12-01T19:09:12+00:00","breadcrumb":{"@id":"https:\/\/diskgolf.lv\/lv\/product\/interceptor-ecofirm-midrange-driver\/#breadcrumb"},"inLanguage":"lv-LV","potentialAction":[{"@type":"ReadAction","target":["https:\/\/diskgolf.lv\/lv\/product\/interceptor-ecofirm-midrange-driver\/"]}]},{"@type":"BreadcrumbList","@id":"https:\/\/diskgolf.lv\/lv\/product\/interceptor-ecofirm-midrange-driver\/#breadcrumb","itemListElement":[{"@type":"ListItem","position":1,"name":"Home","item":"https:\/\/diskgolf.lv\/lv\/"},{"@type":"ListItem","position":2,"name":"Veikals","item":"https:\/\/diskgolf.lv\/lv\/shop-2\/"},{"@type":"ListItem","position":3,"name":"INTERCEPTOR ecoFIRM Midrange Driver"}]},{"@type":"WebSite","@id":"https:\/\/diskgolf.lv\/lv\/#website","url":"https:\/\/diskgolf.lv\/lv\/","name":"DiskGolf","description":"DiskGolf","publisher":{"@id":"https:\/\/diskgolf.lv\/lv\/#organization"},"potentialAction":[{"@type":"SearchAction","target":{"@type":"EntryPoint","urlTemplate":"https:\/\/diskgolf.lv\/lv\/?s={search_term_string}"},"query-input":"required name=search_term_string"}],"inLanguage":"lv-LV"},{"@type":"Organization","@id":"https:\/\/diskgolf.lv\/lv\/#organization","name":"DiskGolf","url":"https:\/\/diskgolf.lv\/lv\/","logo":{"@type":"ImageObject","inLanguage":"lv-LV","@id":"https:\/\/diskgolf.lv\/lv\/#\/schema\/logo\/image\/","url":"https:\/\/diskgolf.lv\/wp-content\/uploads\/2022\/06\/diskgolf.png","contentUrl":"https:\/\/diskgolf.lv\/wp-content\/uploads\/2022\/06\/diskgolf.png","width":515,"height":104,"caption":"DiskGolf"},"image":{"@id":"https:\/\/diskgolf.lv\/lv\/#\/schema\/logo\/image\/"},"sameAs":["https:\/\/www.facebook.com\/profile.php?id=100090022176595"]}]}},"_links":{"self":[{"href":"https:\/\/diskgolf.lv\/lv\/wp-json\/wp\/v2\/product\/16305","targetHints":{"allow":["GET"]}}],"collection":[{"href":"https:\/\/diskgolf.lv\/lv\/wp-json\/wp\/v2\/product"}],"about":[{"href":"https:\/\/diskgolf.lv\/lv\/wp-json\/wp\/v2\/types\/product"}],"wp:featuredmedia":[{"embeddable":true,"href":"https:\/\/diskgolf.lv\/lv\/wp-json\/wp\/v2\/media\/16313"}],"wp:attachment":[{"href":"https:\/\/diskgolf.lv\/lv\/wp-json\/wp\/v2\/media?parent=16305"}],"wp:term":[{"taxonomy":"product_cat","embeddable":true,"href":"https:\/\/diskgolf.lv\/lv\/wp-json\/wp\/v2\/product_cat?post=16305"},{"taxonomy":"product_tag","embeddable":true,"href":"https:\/\/diskgolf.lv\/lv\/wp-json\/wp\/v2\/product_tag?post=16305"}],"curies":[{"name":"wp","href":"https:\/\/api.w.org\/{rel}","templated":true}]}}